{"id":982,"date":"2018-10-05T11:17:52","date_gmt":"2018-10-05T09:17:52","guid":{"rendered":"http:\/\/liceum-parczew.pl\/?page_id=982"},"modified":"2018-11-21T09:05:52","modified_gmt":"2018-11-21T08:05:52","slug":"monitoring-wizyjny","status":"publish","type":"page","link":"http:\/\/liceum-parczew.pl\/index.php\/monitoring-wizyjny\/","title":{"rendered":"Monitoring wizyjny"},"content":{"rendered":"<p><strong>I Liceum Og\u00f3lnokszta\u0142c\u0105ce jest OBIEKTEM MONITOROWANYM<\/strong><\/p>\n<ol>\n<li>Informuj\u0119, \u017ce w celu zapewnienia bezpiecze\u0144stwa uczni\u00f3w i pracownik\u00f3w oraz ochrony mienia w I Liceum Og\u00f3lnokszta\u0142c\u0105cym im. Miko\u0142aja Kopernika w Parczewie, zgodnie z art 108a ustawy Prawo o\u015bwiatowe prowadzi si\u0119 monitoring wizyjny w pomieszczeniach szko\u0142y i terenie wok\u00f3\u0142 szko\u0142y.<\/li>\n<li>Monitoring nie obejmuje pomieszcze\u0144, w kt\u00f3rych odbywaj\u0105 si\u0119 zaj\u0119cia dydaktyczne, wychowawcze i opieku\u0144cze, pomieszcze\u0144, w kt\u00f3rych uczniom jest udzielana pomoc psychologiczno-pedagogiczna, pomieszcze\u0144 przeznaczonych do odpoczynku i rekreacji pracownik\u00f3w, pomieszcze\u0144 sanitarno-higienicznych, gabinetu profilaktyki zdrowotnej, szatni i przebieralni.<\/li>\n<li>Stosowanie monitoringu w pomieszczeniach, o kt\u00f3rych mowa w pkt 2 mo\u017ce by\u0107 wprowadzone w wyj\u0105tkowych przypadkach, je\u017celi b\u0119dzie to niezb\u0119dne ze wzgl\u0119du na istniej\u0105ce zagro\u017cenie dla realizacji celu okre\u015blonego w pkt 1 i nie naruszy to godno\u015bci oraz innych d\u00f3br osobistych uczni\u00f3w, pracownik\u00f3w i innych os\u00f3b,<br \/>\nw szczeg\u00f3lno\u015bci zostan\u0105 zastosowane techniki uniemo\u017cliwiaj\u0105ce rozpoznanie przebywaj\u0105cych w tych pomieszczeniach os\u00f3b.<\/li>\n<li>Nagrania obrazu zawieraj\u0105ce dane osobowe uczni\u00f3w, pracownik\u00f3w i innych os\u00f3b, kt\u00f3rych w wyniku tych nagra\u0144 mo\u017cna zidentyfikowa\u0107, szko\u0142a przetwarza wy\u0142\u0105cznie do cel\u00f3w, dla kt\u00f3rych zosta\u0142y zebrane i przechowuje przez okres <strong>nie d\u0142u\u017cszy ni\u017c 3<\/strong> miesi\u0105ce od dnia nagrania, w praktyce <strong>nie d\u0142u\u017cej ni\u017c 8 dni.<\/strong><\/li>\n<li>Po up\u0142ywie okresu, o kt\u00f3rym mowa w pkt 4, uzyskane w wyniku monitoringu nagrania obrazu zawieraj\u0105ce dane osobowe uczni\u00f3w, pracownik\u00f3w i innych os\u00f3b, kt\u00f3rych w wyniku tych nagra\u0144 mo\u017cna zidentyfikowa\u0107,<strong> podlegaj\u0105 skasowaniu,<\/strong> o ile przepisy odr\u0119bne nie stanowi\u0105 inaczej.<\/li>\n<\/ol>\n","protected":false},"excerpt":{"rendered":"<p>I Liceum Og\u00f3lnokszta\u0142c\u0105ce jest OBIEKTEM MONITOROWANYM Informuj\u0119, \u017ce w celu zapewnienia bezpiecze\u0144stwa uczni\u00f3w i pracownik\u00f3w oraz ochrony mienia w I<\/p>\n","protected":false},"author":1,"featured_media":0,"parent":0,"menu_order":0,"comment_status":"closed","ping_status":"closed","template":"","meta":{"colormag_page_container_layout":"default_layout","colormag_page_sidebar_layout":"default_layout","footnotes":""},"class_list":["post-982","page","type-page","status-publish","hentry"],"_links":{"self":[{"href":"http:\/\/liceum-parczew.pl\/index.php\/wp-json\/wp\/v2\/pages\/982","targetHints":{"allow":["GET"]}}],"collection":[{"href":"http:\/\/liceum-parczew.pl\/index.php\/wp-json\/wp\/v2\/pages"}],"about":[{"href":"http:\/\/liceum-parczew.pl\/index.php\/wp-json\/wp\/v2\/types\/page"}],"author":[{"embeddable":true,"href":"http:\/\/liceum-parczew.pl\/index.php\/wp-json\/wp\/v2\/users\/1"}],"replies":[{"embeddable":true,"href":"http:\/\/liceum-parczew.pl\/index.php\/wp-json\/wp\/v2\/comments?post=982"}],"version-history":[{"count":3,"href":"http:\/\/liceum-parczew.pl\/index.php\/wp-json\/wp\/v2\/pages\/982\/revisions"}],"predecessor-version":[{"id":1012,"href":"http:\/\/liceum-parczew.pl\/index.php\/wp-json\/wp\/v2\/pages\/982\/revisions\/1012"}],"wp:attachment":[{"href":"http:\/\/liceum-parczew.pl\/index.php\/wp-json\/wp\/v2\/media?parent=982"}],"curies":[{"name":"wp","href":"https:\/\/api.w.org\/{rel}","templated":true}]}}