{"id":98,"date":"2017-09-17T09:50:36","date_gmt":"2017-09-17T07:50:36","guid":{"rendered":"http:\/\/liceum-parczew.pl\/?page_id=98"},"modified":"2022-11-18T13:55:54","modified_gmt":"2022-11-18T12:55:54","slug":"samorzad-uczniowski","status":"publish","type":"page","link":"http:\/\/liceum-parczew.pl\/index.php\/samorzad-uczniowski\/","title":{"rendered":"Samorz\u0105d Uczniowski"},"content":{"rendered":"<p><strong>Przewodnicz\u0105ca<\/strong>: Barbara Nizio\u0142ek<\/p>\n<p><strong>Zast\u0119pca przewodnicz\u0105cej<\/strong>: Mateusz Ma\u0142afiejew<\/p>\n<p><strong>Skarbnik:<\/strong><\/p>\n<p><strong>Sekretarz:<\/strong><\/p>\n<p><strong>Sekcja techniczna:<\/strong><\/p>\n<p><strong>Sekcja rozrywkowa:<\/strong><\/p>\n<p><strong>Sekcja plastyczna:<\/strong><\/p>\n<p><strong>Sekcja kronikarska:<\/strong><\/p>\n<p><strong>Sekcja multimedialno-fotograficzna:<\/strong><\/p>\n<p>&nbsp;<\/p>\n<p>&nbsp;<\/p>\n","protected":false},"excerpt":{"rendered":"<p>Przewodnicz\u0105ca: Barbara Nizio\u0142ek Zast\u0119pca przewodnicz\u0105cej: Mateusz Ma\u0142afiejew Skarbnik: Sekretarz: Sekcja techniczna: Sekcja rozrywkowa: Sekcja plastyczna: Sekcja kronikarska: Sekcja multimedialno-fotograficzna: &nbsp;<\/p>\n","protected":false},"author":3,"featured_media":0,"parent":0,"menu_order":0,"comment_status":"closed","ping_status":"closed","template":"","meta":{"colormag_page_container_layout":"default_layout","colormag_page_sidebar_layout":"default_layout","footnotes":""},"class_list":["post-98","page","type-page","status-publish","hentry"],"_links":{"self":[{"href":"http:\/\/liceum-parczew.pl\/index.php\/wp-json\/wp\/v2\/pages\/98","targetHints":{"allow":["GET"]}}],"collection":[{"href":"http:\/\/liceum-parczew.pl\/index.php\/wp-json\/wp\/v2\/pages"}],"about":[{"href":"http:\/\/liceum-parczew.pl\/index.php\/wp-json\/wp\/v2\/types\/page"}],"author":[{"embeddable":true,"href":"http:\/\/liceum-parczew.pl\/index.php\/wp-json\/wp\/v2\/users\/3"}],"replies":[{"embeddable":true,"href":"http:\/\/liceum-parczew.pl\/index.php\/wp-json\/wp\/v2\/comments?post=98"}],"version-history":[{"count":20,"href":"http:\/\/liceum-parczew.pl\/index.php\/wp-json\/wp\/v2\/pages\/98\/revisions"}],"predecessor-version":[{"id":5688,"href":"http:\/\/liceum-parczew.pl\/index.php\/wp-json\/wp\/v2\/pages\/98\/revisions\/5688"}],"wp:attachment":[{"href":"http:\/\/liceum-parczew.pl\/index.php\/wp-json\/wp\/v2\/media?parent=98"}],"curies":[{"name":"wp","href":"https:\/\/api.w.org\/{rel}","templated":true}]}}