{"id":959,"date":"2018-09-20T13:07:21","date_gmt":"2018-09-20T11:07:21","guid":{"rendered":"http:\/\/liceum-parczew.pl\/?page_id=959"},"modified":"2018-09-20T13:07:21","modified_gmt":"2018-09-20T11:07:21","slug":"wydarzenia-i-osiagniecia-w-i-lo-w-latach-2014-2018","status":"publish","type":"page","link":"http:\/\/liceum-parczew.pl\/index.php\/wydarzenia-i-osiagniecia-w-i-lo-w-latach-2014-2018\/","title":{"rendered":"Wydarzenia i osi\u0105gni\u0119cia w I LO w latach 2014 &#8211; 2018"},"content":{"rendered":"<p>I Liceum Og\u00f3lnokszta\u0142c\u0105ce im. Miko\u0142aja Kopernika w Parczewie jest szko\u0142\u0105 z wieloletnimi tradycjami. Zar\u00f3wno nauczyciele jak i uczniowie co roku podejmuj\u0105 wiele inicjatyw, maj\u0105cych na celu rozwijanie jako\u015bci pracy szko\u0142y jak r\u00f3wnie\u017c zaprezentowanie szko\u0142y w \u015brodowisku lokalnym. W latach 2014 \u2013 2018 w szkole odby\u0142o si\u0119 szereg wydarze\u0144 zas\u0142uguj\u0105cych na wyr\u00f3\u017cnienie. Do najwa\u017cniejszych nale\u017c\u0105:<\/p>\n<ul>\n<li>Renowacja pomnika.<\/li>\n<\/ul>\n<p>Z inicjatywy nauczycieli i przy ogromnym zaanga\u017cowaniu uczni\u00f3w I LO odrestaurowano pomnik na cmentarzu przy Bazylice pw. \u015bw. Jana Chrzciciela w Parczewie. Pomnik po\u015bwi\u0119cony jest: C\u00f3rom i Synom Parczewskiej Ziemi poleg\u0142ym w walkach o niepodleg\u0142o\u015b\u0107 ojczyzny i pomordowanym w obozach koncentracyjnych w latach 1939-1945; Ofiarom sowieckich represji, Zes\u0142a\u0144com, Wi\u0119zionym, Poleg\u0142ym i Zamordowanym za Wolna Polsk\u0119; \u017bo\u0142nierzom Wykl\u0119tym, kt\u00f3rzy stan\u0119li do walki o Woln\u0105 Polsk\u0119 przeciwko komunistycznemu zniewoleniu, poleg\u0142ym w walkach, zakatowanym podczas \u015bledztwa<\/p>\n<p>W 2015 r. szko\u0142a otrzyma\u0142a zaszczytny tytu\u0142 i z\u0142oty medal Opiekuna Miejsc Pami\u0119ci Narodowej.<\/p>\n<ul>\n<li>Og\u00f3lnopolskie obchody 450-lecia przyj\u0119cia uchwa\u0142 Soboru Trydenckiego<\/li>\n<\/ul>\n<p>M\u0142odzie\u017c i nauczyciele I LO zaanga\u017cowali si\u0119 w przygotowania og\u00f3lnopolskich obchod\u00f3w 450-lecia przyj\u0119cia uchwa\u0142 Soboru Trydenckiego na sejmie w Parczewie. Na terenie szko\u0142y zosta\u0142a przygotowana wystawa eksponuj\u0105ca zabytkowe naczynia i szaty liturgiczne pochodz\u0105ce z XVI wieku. M\u0142odzie\u017c opracowa\u0142a informacje dotycz\u0105ce eksponowanych zabytk\u00f3w, oprowadza\u0142a zwiedzaj\u0105cych podaj\u0105c najistotniejsze informacje. Uczniowie I LO wystawili spektakl teatralny po\u015bwi\u0119cony przyj\u0119ciu uchwa\u0142 soborowych. Przedstawienie zosta\u0142o wystawione w Bazylice w dniu uroczysto\u015bci. Scenariusz, dekoracje i rekwizyty przygotowane by\u0142y przez m\u0142odzie\u017c i nauczycieli liceum. Uroczysto\u015b\u0107 odby\u0142a si\u0119 14 wrze\u015bnia 2014 roku.<\/p>\n<ul>\n<li>IV Zjazd Absolwent\u00f3w<\/li>\n<\/ul>\n<p>12 wrze\u015bnia 2015 roku z okazji 70-lecia szko\u0142y odby\u0142 si\u0119 IV Zjazd Absolwent\u00f3w Liceum Og\u00f3lnokszta\u0142c\u0105cego im. Miko\u0142aja Kopernika w Parczewie. W przygotowanie uroczysto\u015bci zaanga\u017cowali si\u0119: dyrektor, nauczyciele, uczniowie i wszyscy pracownicy szko\u0142y.<\/p>\n<p>&nbsp;<\/p>\n<p>AKCJE CHARYTATYWNE<\/p>\n<ul>\n<li>\u201eKom\u00f3rkomania\u201d &#8211; Dni Dawcy Krwiotw\u00f3rczych Kom\u00f3rek Macierzystych. Ta szlachetna akcja odbywa si\u0119 cyklicznie przy wsp\u00f3\u0142pracy z Fundacj\u0105 DKMS. Ka\u017cdego roku udaje si\u0119 zarejestrowa\u0107 wielu potencjalnych dawc\u00f3w. Cieszy si\u0119 ona du\u017cym zainteresowaniem zar\u00f3wno w\u015br\u00f3d uczni\u00f3w I LO, jak i mieszka\u0144c\u00f3w powiatu parczewskiego.<\/li>\n<li>\u201eHonorowe Krwiodawstwo\u201d &#8211; coroczna akcja organizowana we wsp\u00f3\u0142pracy z Wojskowym Centrum Krwiodawstwa i Krwiolecznictwa \u2013 Terenow\u0105 Stacj\u0105 w Lublinie, podczas kt\u00f3rej udaje si\u0119 zasili\u0107 bank bezcennego daru ratuj\u0105cego \u017cycie, jakim jest krew.<\/li>\n<li>Zbi\u00f3rka zabawek i pomocy szkolnych dla ma\u0142ych pacjent\u00f3w Wojew\u00f3dzkiego Szpitala Klinicznego nr 2 w Lublinie.<\/li>\n<li>\u201eSzlachetna Paczka\u201d &#8211; zbi\u00f3rka \u017cywno\u015bci, zabawek, odzie\u017cy, artyku\u0142\u00f3w gospodarstwa domowego dla wybranej rodziny potrzebuj\u0105cej pomocy.<\/li>\n<li>\u201eWielka Orkiestra \u015awi\u0105tecznej Pomocy\u201d podczas kt\u00f3rej wolontariusze z I LO w Parczewie zbieraj\u0105 \u015brodki pieni\u0119\u017cne na terenie miasta i ca\u0142ego powiatu.<\/li>\n<li>\u201ePom\u00f3\u017c Dzieciom Przetrwa\u0107 Zim\u0119\u201d oraz zbi\u00f3rki \u017cywno\u015bci organizowane przez Caritas Polska, w kt\u00f3re czynnie w\u0142\u0105cza si\u0119 Szkolne Ko\u0142o Caritas.<\/li>\n<li>Akcje \u201ePomoc dla Syrii\u201d oraz \u201ePolacy Rodakom\u201d &#8211; zbi\u00f3rka pieni\u0119dzy, artyku\u0142\u00f3w \u017cywno\u015bciowych, \u015brodk\u00f3w chemicznych itp. pod patronatem Wojewody Lubelskiego.<\/li>\n<\/ul>\n<p>&nbsp;<\/p>\n<p>KONKURSY, OLIMPIADY, ZAWODY<\/p>\n<ul>\n<li>\u201eZ\u0142ote Pi\u00f3ro Starosty Parczewskiego\u201d. To powiatowy konkurs ortograficzny, w kt\u00f3rym ch\u0119tnie bior\u0105 udzia\u0142 uczniowie zar\u00f3wno I LO jak i okolicznych szk\u00f3\u0142.<\/li>\n<li>\u201eJ\u00f3zef Ignacy Kraszewski \u2013 jego \u017cycie i dzie\u0142o\u201d &#8211; Wojew\u00f3dzki konkurs czytelniczy, w kt\u00f3rym od lat nieprzerwanie uczniowie I LO odnosz\u0105 sukcesy.<\/li>\n<li>Konkursy Wiedzy o Krajach Angloj\u0119zycznych \u2013 Szkocji, Nowej Zelandii, Kanady, Irlandii. Konkursy odbywa\u0142y si\u0119 w latach 2014 \u2013 2018. By\u0142y to konkursy mi\u0119dzyszkolne organizowane przez nauczycieli j\u0119zyka angielskiego I LO dla uczni\u00f3w naszego liceum oraz gimnazjalist\u00f3w z ca\u0142ego powiatu. Cieszy\u0142y si\u0119 du\u017cym zainteresowaniem zar\u00f3wno w\u015br\u00f3d licealist\u00f3w jak i ich m\u0142odszych koleg\u00f3w.<\/li>\n<li>Konkurs Piosenki Angloj\u0119zycznej w Che\u0142mie \u2013 uczennica I LO w 2017roku otrzyma\u0142a wyr\u00f3\u017cnienie.<\/li>\n<li>\u201eSzkolna Internetowa Gra Gie\u0142dowa SIGG\u201d &#8211; symulacyjna gra inwestycyjna, w kt\u00f3rej uczniowie I LO uczyli si\u0119 wsp\u00f3\u0142pracy w grupie oraz inwestowania na gie\u0142dzie, mogli por\u00f3wna\u0107 swoje wyniki finansowe z wynikami innych zespo\u0142\u00f3w z woj. lubelskiego i Polski. W 2017 roku jeden z zespo\u0142\u00f3w naszego liceum w rankingu wojew\u00f3dztwa lubelskiego w dogrywce zaj\u0105\u0142 I miejsce.<\/li>\n<li>\u201eLider Ekonomii\u201d &#8211; projekt realizowany w latach 2016 \u2013 2018 przez Uniwersyteckie Centrum Rozwijania Kompetencji KUL i Lubelski Oddzia\u0142 NBP w ramach programu edukacji ekonomicznej. Projekt sk\u0142ada\u0142 si\u0119 z wyk\u0142ad\u00f3w, konkurs\u00f3w, warsztat\u00f3w oraz uroczystej gali. Dwa zespo\u0142y z naszej szko\u0142y zosta\u0142y laureatami konkursu, jeden zdoby\u0142 wyr\u00f3\u017cnienie.<\/li>\n<li>\u201eLekcja o Funduszach Europejskich\u201d. To akcja edukacyjna organizowana przez Ministerstwo Inwestycji i Rozwoju, celem kt\u00f3rej jest przybli\u017cenie uczniom wiedzy o tym, jak fundusze europejskie pomagaj\u0105 m\u0142odym ludziom przeku\u0107 pomys\u0142 w dobrze prosperuj\u0105cy biznes. W 2018 roku m\u0142odzie\u017c I LO w Parczewie uczestniczy\u0142a w V edycji tej akcji.<\/li>\n<li>Mi\u0119dzynarodowy Konkurs Matematyczny \u201eKANGUR\u201d. Uczniowie naszego liceum co roku zdobywaj\u0105 wyr\u00f3\u017cnienia w tym konkursie.<\/li>\n<li>Og\u00f3lnopolska Olimpiada Wiedzy Archimedes. Plus Matematyka. Plus. Rokrocznie m\u0142odzie\u017c z klas matematyczno-fizycznych uzyskuje tytu\u0142 laureata tej olimpiady.<\/li>\n<li>Olimpiada J\u0119zyka Rosyjskiego, to kolejny konkurs, w kt\u00f3rym uczniowie naszej szko\u0142y ch\u0119tnie bior\u0105 co roku udzia\u0142. W XLIX OJR uczennica I LO otrzyma\u0142a wyr\u00f3\u017cnienie w Eliminacjach Okr\u0119gowych (woj. lubelskie i podkarpackie).<\/li>\n<li>Olimpiada geograficzna, to nast\u0119pny konkurs, w kt\u00f3rym pasjonaci geografii mog\u0105 sprawdzi\u0107 swoj\u0105 wiedz\u0119 i umiej\u0119tno\u015bci. Odbywa si\u0119 ona w naszej szkole od wielu lat.<\/li>\n<li>VII Og\u00f3lnopolski Festiwal Piosenki Rosyjskiej w \u0141odzi oraz VI Regionalny Konkurs Piosenki Rosyjskiej w Wisznicach w roku 2018 r\u00f3wnie\u017c mia\u0142y reprezentantki\u00a0 naszego liceum.<\/li>\n<li>V Edycja Festiwalu Piosenki Obcoj\u0119zycznej w Komar\u00f3wce Podl. W 2017 roku uczennica naszego liceum r\u00f3wnie\u017c reprezentowa\u0142a szko\u0142\u0119 w tym konkursie.<\/li>\n<li>M\u0142odzie\u017c licealna co roku bierze udzia\u0142 w licznych konkursach plastycznych i fotograficznych. W\u015br\u00f3d nich wymieni\u0107 nale\u017cy: Og\u00f3lnopolski Konkurs Plastyczny \u201eT\u0119cza\u201d, Szkolny Konkurs Plastyczny \u201eWarto pomaga\u0107\u201d 2017, Szkolny Konkurs Plastyczny \u201e100 lat Niepodleg\u0142ej\u201d 2018, Szkolne Konkursy Fotograficzne \u201eIdealny moment\u201d, \u201eKto czyta jest pi\u0119kny\u201d, \u201eStare vs Nowe\u201d, \u201eWolno\u015b\u0107 \u2013 kocham i rozumiem\u201d.<\/li>\n<li>Powiatowy i Szkolny Turniej w uk\u0142adaniu kostki Rubika. W\u015br\u00f3d uczestnik\u00f3w znalaz\u0142 si\u0119 ucze\u0144 naszej szko\u0142y, kt\u00f3ry w og\u00f3lnopolskich i mi\u0119dzynarodowych turniejach odnosi sukcesy.<\/li>\n<li>Uczniowie I LO rokrocznie bior\u0105 udzia\u0142, odnosz\u0105c sukcesy, w zawodach sportowych na szczeblu powiatowym i rejonowym. W\u015br\u00f3d nich: zawody w pi\u0142ce siatkowej, no\u017cnej i koszykowej dziewcz\u0105t i ch\u0142opc\u00f3w, zawodach p\u0142ywackich, turniejach szachowych, tenisa sto\u0142owego \u2013 zar\u00f3wno indywidualnie jak i dru\u017cynowo, zawodach lekkoatletycznych oraz biegach ulicznych takich jak \u201eTropem Wilczym\u201d &#8211; Bieg Pami\u0119ci \u017bo\u0142nierzy Wykl\u0119tych.<\/li>\n<li>Regionalna Olimpiada Wiedzy o Zdrowiu Psychicznym. I, II, III miejsca\u2026<\/li>\n<li>Szkolny Konkurs Literacki \u201ePomaganie jest fajne\u201d 2016, kt\u00f3rego celem by\u0142o uwra\u017cliwienie m\u0142odych ludzi na krzywd\u0119 ludzk\u0105 i konieczno\u015b\u0107 niesienia pomocy.<\/li>\n<li>Regionalna Olimpiada Wiedzy o Zdrowiu Psychicznym organizowana przez Starostwo Powiatowe w Parczewie oraz powiaty: bialski, radzy\u0144ski, lubartowski, rycki, w\u0142odawski. Uczniowie I LO rokrocznie odnosz\u0105 sukcesy zajmuj\u0105c czo\u0142owe miejsca.<\/li>\n<li>Powiatowa Olimpiada Wiedzy o chorobach zaka\u017anych organizowana przez Powiatow\u0105 Stacj\u0119 Sanitarno-Epidemiologiczn\u0105 w Parczewie. M\u0142odzie\u017c licealna jest zawsze w czo\u0142\u00f3wce tej olimpiady.<\/li>\n<li>Bialski Konkurs Wiedzy o Kulturze i Historii Kraj\u00f3w Anglosaskich organizowany przez Pa\u0144stwow\u0105 Wy\u017csz\u0105 Szko\u0142\u0119 im. Jana Paw\u0142a II w Bia\u0142ej Podlaskiej<\/li>\n<li>XIV \u2013 XVIII Edycje Og\u00f3lnopolskiego Konkursu J\u0119zyka Angielskiego FOX pod patronatem naukowym Instytutu Filologii Angielskiej Uniwersytetu Jagiello\u0144skiego w Krakowie oraz pod honorowym patronatem Ministra Edukacji Narodowej.<\/li>\n<li>38 &#8211; 41 Edycje Olimpiady z J\u0119zyka Angielskiego organizowane przez Wy\u017csz\u0105 Szko\u0142\u0119 J\u0119zyk\u00f3w Obcych im. Samuela Bogumi\u0142a Lindego z siedzib\u0105 w Poznaniu w latach 2014 \u2013 2018.<\/li>\n<li>Konkurs t\u0142umaczeniowy Juvenes Translatores organizowany przez Dyrekcj\u0119 Generaln\u0105 ds. T\u0142umacze\u0144 Pisemnych Komisji Europejskiej (DGT)\u00a0 &#8211; Edycje 2016 \u2013 2018<\/li>\n<li>Konkurs polsko-norweski \u201eNa tropie\u201d organizowany przez Ministerstwo Inwestycji i Rozwoju w 2018 roku. W Konkursie siedmioosobowa dru\u017cyna z naszej szko\u0142y nagra\u0142a w ramach tego konkursu film pt.\u201d We have a lot in common\u201d na temat podobie\u0144stw pomi\u0119dzy Polsk\u0105 a Norwegi\u0105.<\/li>\n<li>Konkurs Wymowy Angielskiej. Zawody zorganizowane przez Zak\u0142ad Lingwistyki Stosowanej UMCS, kt\u00f3re mia\u0142y miejsce w 2018 roku, r\u00f3wnie\u017c mia\u0142y kilkuosobow\u0105 grup\u0119 przedstawiaj\u0105c\u0105 nasze liceum.<\/li>\n<li>Og\u00f3lnopolski Konkurs Fotograficzno-Literacki \u201eZamknij w kadrze, opowiedz pi\u00f3rem z bia\u0142o-czerwonym atramentem\u201d- 2018. Uczennica I LO otrzyma\u0142a g\u0142\u00f3wn\u0105 nagrod\u0119.<\/li>\n<\/ul>\n<p>&nbsp;<\/p>\n<p>IMPREZY KULTURALNE<\/p>\n<ul>\n<li>\u201eWiosenne O\u017cywienie Parczewskich Poet\u00f3w\u201d 2017 \u2013 akcja wystosowana do mieszka\u0144c\u00f3w powiatu parczewskiego, promuj\u0105ca tw\u00f3rczo\u015b\u0107 lokalnych literat\u00f3w. M\u0142odzie\u017c licealna obdarowywa\u0142a lokaln\u0105 spo\u0142eczno\u015b\u0107 w\u0142asnor\u0119cznie wykonanymi zak\u0142adkami do ksi\u0105\u017cek, na kt\u00f3rych umieszczone by\u0142y wiersze naszych rodzimych tw\u00f3rc\u00f3w.<\/li>\n<li>\u201eWyp\u0142y\u0144 na g\u0142\u0119bi\u0119\u201d 2018. Spektakl poetycko-muzyczny wystawiony dla i z udzia\u0142em mieszka\u0144c\u00f3w powiatu, w kt\u00f3ry r\u00f3wnie\u017c w\u0142\u0105czyli si\u0119 uczniowie i nauczyciele naszego liceum.<\/li>\n<li>\u201eCzy musimy w\u0119drowa\u0107&#8230;\u201d W 2017 roku odby\u0142 si\u0119 wiecz\u00f3r poetycki po\u0142\u0105czony ze spotkaniem autorskim, na kt\u00f3rym uczniowie I LO prezentowali spo\u0142eczno\u015bci powiatu dorobek literacki lokalnych poet\u00f3w.<\/li>\n<li>Dzie\u0144 J\u0119zyka Ojczystego. Co roku organizujemy taki dzie\u0144 w szkole. Przybiera on r\u00f3\u017cne formy i odbywa si\u0119 zar\u00f3wno w murach liceum jak i na terenie miasta. Na przyk\u0142ad, w 2018 roku m\u0142odzie\u017c wyruszy\u0142a na ulice Parczewa prosz\u0105c mieszka\u0144c\u00f3w o odczytanie przygotowanych wcze\u015bniej \u0142ama\u0144c\u00f3w j\u0119zykowych, cytat\u00f3w, ciekawostek o j\u0119zyku polskim.<\/li>\n<li>Powiatowy Przegl\u0105d Artystyczny Senior\u00f3w i Os\u00f3b Niepe\u0142nosprawnych, to nast\u0119pna impreza, w kt\u00f3r\u0105 zaanga\u017cowali si\u0119 uczniowie naszej szko\u0142y.<\/li>\n<li>Co roku organizowane s\u0105 liczne uroczysto\u015bci szkolne, jak Dzie\u0144 Edukacji Narodowej, Narodowe \u015awi\u0119to Niepodleg\u0142o\u015bci, Jase\u0142ka, Dzie\u0144 Patrona Szko\u0142y, Apel Wielkanocny, Obchody Rocznicy Konstytucji 3 Maja jak r\u00f3wnie\u017c mniej oficjalne wydarzenia jak Dzie\u0144 Ch\u0142opaka, Dzie\u0144 Kobiet, Dzie\u0144 Sportu, Dzie\u0144 Samorz\u0105dno\u015bci, Miko\u0142ajki czy Walentynki.<\/li>\n<li>Wizyta m\u0142odzie\u017cy z Izraela w naszej szkole \u2013 pa\u017adziernik 2015r.<\/li>\n<li>Wsp\u00f3\u0142praca z AIESEC Lublin i Wieczory Kultur w I LO w Parczewie<br \/>\nW ramach wsp\u00f3\u0142pracy z mi\u0119dzynarodow\u0105 organizacj\u0105 studenck\u0105 AIESEC nasze licem go\u015bci wolontariuszy z ca\u0142ego \u015bwiata np. Chin, Filipin, W\u0119gier, Indii. Od 2010r. prowadz\u0105 oni z uczniami warsztaty j\u0119zykowe po\u00a0 angielsku,\u00a0 kt\u00f3re pomagaj\u0105 uczestnikom\u00a0 nie tylko w podnoszeniu\u00a0 kompetencji j\u0119zykowych, ale i\u00a0 rozwijaniu \u015bwiadomo\u015bci\u00a0 Warsztatom towarzysz\u0105 Wieczory Kultur, organizowane przez ca\u0142\u0105 spo\u0142eczno\u015b\u0107 naszej szko\u0142y. Te pogodne wieczory\u00a0 maj\u0105\u00a0\u00a0 rokrocznie\u00a0 sw\u00f3j\u00a0 temat nawi\u0105zuj\u0105cy do zjawisk kulturowych w r\u00f3\u017cnych krajach. S\u0105 one r\u00f3wnie\u017c okazj\u0105 do\u00a0 odkrywania talent\u00f3w m\u0142odych ludzi\u00a0 oraz\u00a0 integracji\u00a0 mieszka\u0144c\u00f3w Parczewa i okolic.<\/li>\n<\/ul>\n<p>&nbsp;<\/p>\n<p>INNE PRZEDSI\u0118WZI\u0118CIA<\/p>\n<ul>\n<li>\u201eLink do przysz\u0142o\u015bci. M\u0142odzi. Internet. Kariera\u201d &#8211; udzia\u0142 m\u0142odzie\u017cy w projekcie, 2014.<\/li>\n<li>\u201eM\u0105dre \u017cywienie, zdrowe pokolenie\u201d. Projekt edukacyjno-badawczy organizowany przez Polskie Towarzystwo Dietetyki, 2014 &#8211; 2015<\/li>\n<li>\u201ePo m\u0119sku o dojrzewaniu\u201d &#8211; program edukacyjny przeprowadzony we wsp\u00f3\u0142pracy z Procter &amp; Gamble \u2013 2014<\/li>\n<li>\u201eUzale\u017cnieniom m\u00f3wimy \u2013 NIE\u201d &#8211; autorski program profilaktyczny realizowany w I LO w latach 2014 &#8211; 2018<\/li>\n<li>\u201eWybierz \u017cycie \u2013 pierwszy krok\u201d. Program profilaktyki przeciwnowotworowej, maj\u0105cej na celu zwi\u0119kszenie wiedzy na temat raka szyjki macicy i wirusa HPV realizowany we wsp\u00f3\u0142pracy z Powiatow\u0105 Stacj\u0105 Sanitarno-Epidemiologiczn\u0105 w Parczewie w latach 2014 \u2013 2018<\/li>\n<li>\u201eARS, czyli jak dba\u0107 o mi\u0142o\u015b\u0107\u201d &#8211; profilaktyczny program w zakresie przeciwdzia\u0142ania uzale\u017cnieniom od alkoholu, tytoniu i innych \u015brodk\u00f3w psychoaktywnych w ramach projektu KIK\/68 \u2013 realizowany w latach 2014 \u2013 2018 we wsp\u00f3\u0142pracy z Powiatow\u0105 Stacj\u0105 Sanitarno-Epidemiologiczn\u0105 w Parczewie<\/li>\n<li>Program profilaktyczny dotycz\u0105cy zaburze\u0144 depresyjnych w\u015br\u00f3d m\u0142odzie\u017cy w wieku 16 \u2013 17 lat \u2013 badania oraz warsztaty dla licealist\u00f3w, 2015<\/li>\n<li>\u201eDrzewo kariery\u201d &#8211; badania w ramach mi\u0119dzynarodowego projektu we wsp\u00f3\u0142pracy z Wy\u017csz\u0105 Szko\u0142\u0105 Ekonomii i Innowacji w Lublinie \u2013 edycje 2016 i 2017<\/li>\n<li>\u201emlodzicyfrowi.pl\u201d &#8211; udzia\u0142 uczni\u00f3w I LO w og\u00f3lnopolskim programie fundacji \u201eDbam o m\u00f3j z@si\u0119g\u201d &#8211; 2017 \u2013 2018<\/li>\n<li>Projekt MEN 2016\/DWKi\/1175 dotycz\u0105cy funkcjonowania systemu oddzia\u0142ywa\u0144 profilaktycznych 2017 \u2013 2018<\/li>\n<li>Wsparcie szk\u00f3\u0142 i plac\u00f3wek o\u015bwiatowych w zakresie interwencji kryzysowej. Zaj\u0119cia z m\u0142odzie\u017c\u0105 realizowane w ramach Narodowego Programu Zdrowia, 2017<\/li>\n<li>\u201eW stron\u0119 dojrza\u0142o\u015bci\u201d &#8211; warsztaty dla m\u0142odzie\u017cy. Zadanie finansowane ze \u015brodk\u00f3w Narodowego Programu Zdrowia na lata 2016 &#8211; 2020<\/li>\n<li>\u201eBezpiecze\u0144stwo na drodze \u2013 wypadki wywo\u0142ane substancjami uzale\u017cniaj\u0105cymi. Wykroczenia w ruchu drogowym.\u201d &#8211; prelekcje z policjantem dla m\u0142odzie\u017cy na temat odpowiedzialno\u015bci karnej, jak r\u00f3wnie\u017c u\u015bwiadomienie uczniom szkodliwo\u015bci za\u017cywania narkotyk\u00f3w i innych \u015brodk\u00f3w odurzaj\u0105cych, 2015-2016<\/li>\n<li>Udzia\u0142 m\u0142odzie\u017cy w spektaklu w j\u0119zyku angielskim pt. \u201eThe Night In\u201d przygotowanym przez Teatr Wild West z Krakowa \u2013 2018 rok<\/li>\n<li>Ucze\u0144 I LO otrzyma\u0142 z r\u0105k Marsza\u0142ka Wojew\u00f3dztwa Lubelskiego stypendium, w ramach projektu \u201eLubelskie wspiera uzdolnionych\u201d dla najzdolniejszych uczni\u00f3w w wojew\u00f3dztwie lubelskim w dziedzinie przedmiot\u00f3w matematyczno-przyrodniczych i j\u0119zyk\u00f3w obcych, 2017\/2018<\/li>\n<li>Szko\u0142a realizuje projekt innowacyjny Szkolna Gala filmowa \u201eKrzysztofy.\u201d<\/li>\n<li>I LO w Parczewie podj\u0119\u0142o wsp\u00f3\u0142prac\u0119 z Instytutem Filologii Polskiej Katolickiego Uniwersytetu Lubelskiego. W ramach tej wsp\u00f3\u0142pracy uczniowie m.in. uczestnicz\u0105 w wyk\u0142adach organizowanych na terenie uczelni i I LO.<\/li>\n<li>W szkole, nieprzerwanie od roku 2003 dzia\u0142a Szkolny Klub Filmowo-Dyskusyjny \u201eX Muza\u201d, kt\u00f3ry organizuje nocne maratony filmowe, ciesz\u0105ce si\u0119 ogromn\u0105 popularno\u015bci\u0105 w\u015br\u00f3d licealist\u00f3w.<\/li>\n<li>W I LO dzia\u0142a nieprzerwanie doradztwo zawodowe prowadzone przez pedagoga szkolnego, wychowawc\u00f3w klas i doradc\u0119 zawodowego M\u0142odzie\u017cowego Centrum Kariery OHP w Parczewie, 2014-2018. W szkole co roku odbywaj\u0105 si\u0119 spotkania m\u0142odzie\u017cy z przedstawicielami Powiatowego Urz\u0119du Pracy w Parczewie.<\/li>\n<li>Szko\u0142a realizuje zadania Gminnego Programu Profilaktyki i Rozwi\u0105zywania Problem\u00f3w Alkoholowych oraz Gminnego Programu Przeciwdzia\u0142ania Narkomanii. W latach 2014-2018<\/li>\n<li>Spo\u0142eczno\u015b\u0107 szkolna zaanga\u017cowa\u0142a si\u0119 w przygotowanie powiatowych obchod\u00f3w 100-lecia Odzyskania przez Polsk\u0119 Niepodleg\u0142o\u015bci, 21 wrze\u015bnia 2018<\/li>\n<li>w I LO poczyniono zast\u0119puj\u0105ce inwestycje: zakupiono sprz\u0119t muzyczny, wymienione zosta\u0142y drzwi wewn\u0119trzne, ogrodzenie od frontu szko\u0142y, zakupiono kostk\u0119 na schody wej\u015bciowe do budynku szko\u0142y.<\/li>\n<li>I LO w Parczewie otrzyma\u0142o nast\u0119puj\u0105ce certyfikaty: \u201eSzko\u0142a Dialogu\u201d, \u201e Wiarygodna Szko\u0142a\u201d, \u201eSzko\u0142a z \u017byciem\u201d.<\/li>\n<\/ul>\n<p>&nbsp;<\/p>\n<p><em>Opracowa\u0142y: Wira Martyniuk i Anetta Weremczuk<\/em><\/p>\n","protected":false},"excerpt":{"rendered":"<p>I Liceum Og\u00f3lnokszta\u0142c\u0105ce im. Miko\u0142aja Kopernika w Parczewie jest szko\u0142\u0105 z wieloletnimi tradycjami. Zar\u00f3wno nauczyciele jak i uczniowie co roku<\/p>\n","protected":false},"author":1,"featured_media":0,"parent":0,"menu_order":0,"comment_status":"closed","ping_status":"closed","template":"","meta":{"colormag_page_container_layout":"default_layout","colormag_page_sidebar_layout":"default_layout","footnotes":""},"class_list":["post-959","page","type-page","status-publish","hentry"],"_links":{"self":[{"href":"http:\/\/liceum-parczew.pl\/index.php\/wp-json\/wp\/v2\/pages\/959","targetHints":{"allow":["GET"]}}],"collection":[{"href":"http:\/\/liceum-parczew.pl\/index.php\/wp-json\/wp\/v2\/pages"}],"about":[{"href":"http:\/\/liceum-parczew.pl\/index.php\/wp-json\/wp\/v2\/types\/page"}],"author":[{"embeddable":true,"href":"http:\/\/liceum-parczew.pl\/index.php\/wp-json\/wp\/v2\/users\/1"}],"replies":[{"embeddable":true,"href":"http:\/\/liceum-parczew.pl\/index.php\/wp-json\/wp\/v2\/comments?post=959"}],"version-history":[{"count":1,"href":"http:\/\/liceum-parczew.pl\/index.php\/wp-json\/wp\/v2\/pages\/959\/revisions"}],"predecessor-version":[{"id":960,"href":"http:\/\/liceum-parczew.pl\/index.php\/wp-json\/wp\/v2\/pages\/959\/revisions\/960"}],"wp:attachment":[{"href":"http:\/\/liceum-parczew.pl\/index.php\/wp-json\/wp\/v2\/media?parent=959"}],"curies":[{"name":"wp","href":"https:\/\/api.w.org\/{rel}","templated":true}]}}