{"id":919,"date":"2018-09-09T20:07:20","date_gmt":"2018-09-09T18:07:20","guid":{"rendered":"http:\/\/liceum-parczew.pl\/?page_id=919"},"modified":"2025-09-08T20:47:10","modified_gmt":"2025-09-08T18:47:10","slug":"klauzula-informacyjna","status":"publish","type":"page","link":"http:\/\/liceum-parczew.pl\/index.php\/klauzula-informacyjna\/","title":{"rendered":"Klauzula informacyjna"},"content":{"rendered":"<ol>\n<li>Administratorem Pani\/Pana danych osobowych jest <strong>I Liceum Og\u00f3lnokszta\u0142c\u0105ce im. Miko\u0142aja Kopernika w Parczewie, ul. Mickiewicza 5, 21-200 Parczew,<\/strong> <strong>telefon \u2013 <\/strong><strong>83 355 15 77<\/strong>, <strong>e-mail \u2013 liceum@parczew.<\/strong><strong>pl<\/strong><\/li>\n<li>We wszystkich sprawach zwi\u0105zanych z przetwarzaniem Pa\u0144stwa danych osobowych, jak r\u00f3wnie\u017c w przypadku pyta\u0144 lub w\u0105tpliwo\u015bci mog\u0105 si\u0119 Pa\u0144stwo kontaktowa\u0107 z Inspektorem Ochrony Danych pod adresem e-mail: <strong> iod.<\/strong><strong>liceum@parczew.pl<\/strong> lub listownie na adres: <strong>ul. Mickiewicza 5, 21-200 Parczew<\/strong><\/li>\n<li>Pani\/Pana dane osobowe przetwarzane b\u0119d\u0105 wy\u0142\u0105cznie w celu udzielenia odpowiedzi na kierowan\u0105 do nas korespondencj\u0119 (podstawa przetwarzania danych: przetwarzanie jest niezb\u0119dne do wykonywania zada\u0144 realizowanych w interesie publicznym).<\/li>\n<li>Pani\/Pana dane osobowe b\u0119d\u0105 przetwarzane nie d\u0142u\u017cej, ni\u017c jest to konieczne do udzielenia Pani\/Panu odpowiedzi, a po tym czasie mog\u0105 by\u0107 przetwarzane przez okres przedawnienia ewentualnych roszcze\u0144.<\/li>\n<li>Przys\u0142uguje Pani\/Panu prawo do \u017c\u0105dania od administratora dost\u0119pu do przekazanych danych osobowych, prawo do ich sprostowania, usuni\u0119cia lub ograniczenia przetwarzania, a tak\u017ce prawo wniesienia sprzeciwu wobec przetwarzania i prawo do przenoszenia danych.<\/li>\n<li>Przys\u0142uguje Pani\/Panu prawo do wniesienia skargi do organu nadzorczego, kt\u00f3rym w Polsce jest Prezes Urz\u0119du Ochrony Danych Osobowych (adres siedziby: ul. Stanis\u0142awa Moniuszki 1A, 00-014 Warszawa).<\/li>\n<li>Podanie danych jest dobrowolne, jednak jest warunkiem koniecznym do tego, \u017ceby odpowiedzie\u0107 na Pani\/Pana korespondencj\u0119.<\/li>\n<\/ol>\n","protected":false},"excerpt":{"rendered":"<p>Administratorem Pani\/Pana danych osobowych jest I Liceum Og\u00f3lnokszta\u0142c\u0105ce im. Miko\u0142aja Kopernika w Parczewie, ul. Mickiewicza 5, 21-200 Parczew, telefon \u2013<\/p>\n","protected":false},"author":1,"featured_media":0,"parent":0,"menu_order":0,"comment_status":"closed","ping_status":"closed","template":"","meta":{"colormag_page_container_layout":"default_layout","colormag_page_sidebar_layout":"default_layout","footnotes":""},"class_list":["post-919","page","type-page","status-publish","hentry"],"_links":{"self":[{"href":"http:\/\/liceum-parczew.pl\/index.php\/wp-json\/wp\/v2\/pages\/919","targetHints":{"allow":["GET"]}}],"collection":[{"href":"http:\/\/liceum-parczew.pl\/index.php\/wp-json\/wp\/v2\/pages"}],"about":[{"href":"http:\/\/liceum-parczew.pl\/index.php\/wp-json\/wp\/v2\/types\/page"}],"author":[{"embeddable":true,"href":"http:\/\/liceum-parczew.pl\/index.php\/wp-json\/wp\/v2\/users\/1"}],"replies":[{"embeddable":true,"href":"http:\/\/liceum-parczew.pl\/index.php\/wp-json\/wp\/v2\/comments?post=919"}],"version-history":[{"count":9,"href":"http:\/\/liceum-parczew.pl\/index.php\/wp-json\/wp\/v2\/pages\/919\/revisions"}],"predecessor-version":[{"id":6722,"href":"http:\/\/liceum-parczew.pl\/index.php\/wp-json\/wp\/v2\/pages\/919\/revisions\/6722"}],"wp:attachment":[{"href":"http:\/\/liceum-parczew.pl\/index.php\/wp-json\/wp\/v2\/media?parent=919"}],"curies":[{"name":"wp","href":"https:\/\/api.w.org\/{rel}","templated":true}]}}