{"id":886,"date":"2024-06-27T12:56:37","date_gmt":"2024-06-27T10:56:37","guid":{"rendered":"http:\/\/liceum-parczew.pl\/?page_id=886"},"modified":"2025-07-02T23:24:55","modified_gmt":"2025-07-02T21:24:55","slug":"zestaw-podrecznikow","status":"publish","type":"page","link":"http:\/\/liceum-parczew.pl\/index.php\/zestaw-podrecznikow\/","title":{"rendered":"Zestaw podr\u0119cznik\u00f3w"},"content":{"rendered":"<p>W linkach poni\u017cej publikujemy zestaw podr\u0119cznik\u00f3w na rok szkolny 2025\/2026<\/p>\n<p><a href=\"http:\/\/liceum-parczew.pl\/wp-content\/uploads\/2025\/06\/Zestaw-podrecznikow-przedmioty-humanistyczne-na-rok-szkolny-2025_2026.pdf\">Zestaw podr\u0119cznik\u00f3w przedmioty humanistyczne na rok szkolny 2025_2026<\/a><\/p>\n<p><a href=\"http:\/\/liceum-parczew.pl\/wp-content\/uploads\/2025\/07\/Podreczniki-2025_26.pdf\">Zestaw podr\u0119cznik\u00f3w przedmioty matematyczno-przyrodnicze na rok szkolny 2025_2026<\/a><\/p>\n","protected":false},"excerpt":{"rendered":"<p>W linkach poni\u017cej publikujemy zestaw podr\u0119cznik\u00f3w na rok szkolny 2025\/2026 Zestaw podr\u0119cznik\u00f3w przedmioty humanistyczne na rok szkolny 2025_2026 Zestaw podr\u0119cznik\u00f3w<\/p>\n","protected":false},"author":1,"featured_media":0,"parent":0,"menu_order":0,"comment_status":"closed","ping_status":"closed","template":"","meta":{"colormag_page_container_layout":"default_layout","colormag_page_sidebar_layout":"default_layout","footnotes":""},"class_list":["post-886","page","type-page","status-publish","hentry"],"_links":{"self":[{"href":"http:\/\/liceum-parczew.pl\/index.php\/wp-json\/wp\/v2\/pages\/886","targetHints":{"allow":["GET"]}}],"collection":[{"href":"http:\/\/liceum-parczew.pl\/index.php\/wp-json\/wp\/v2\/pages"}],"about":[{"href":"http:\/\/liceum-parczew.pl\/index.php\/wp-json\/wp\/v2\/types\/page"}],"author":[{"embeddable":true,"href":"http:\/\/liceum-parczew.pl\/index.php\/wp-json\/wp\/v2\/users\/1"}],"replies":[{"embeddable":true,"href":"http:\/\/liceum-parczew.pl\/index.php\/wp-json\/wp\/v2\/comments?post=886"}],"version-history":[{"count":19,"href":"http:\/\/liceum-parczew.pl\/index.php\/wp-json\/wp\/v2\/pages\/886\/revisions"}],"predecessor-version":[{"id":6695,"href":"http:\/\/liceum-parczew.pl\/index.php\/wp-json\/wp\/v2\/pages\/886\/revisions\/6695"}],"wp:attachment":[{"href":"http:\/\/liceum-parczew.pl\/index.php\/wp-json\/wp\/v2\/media?parent=886"}],"curies":[{"name":"wp","href":"https:\/\/api.w.org\/{rel}","templated":true}]}}