{"id":86,"date":"2017-09-16T23:39:29","date_gmt":"2017-09-16T21:39:29","guid":{"rendered":"http:\/\/liceum-parczew.pl\/?page_id=86"},"modified":"2025-09-08T20:34:14","modified_gmt":"2025-09-08T18:34:14","slug":"kadra-nauczycielska","status":"publish","type":"page","link":"http:\/\/liceum-parczew.pl\/index.php\/kadra-nauczycielska\/","title":{"rendered":"Kadra Nauczycielska"},"content":{"rendered":"<p>religia:<br \/>\nks. Leszek Gwardecki<\/p>\n<p>j. polski:<br \/>\nEdyta Ku\u017amicz<br \/>\nBo\u017cena Maliszewska<br \/>\nKrzysztof Wro\u0144ski<br \/>\nMonika Szwed<\/p>\n<p>j. angielski:<br \/>\nAneta Bryda<br \/>\nMarzena \u015awi\u0107<br \/>\nMonika Szwed<br \/>\nHalina Furman<br \/>\nWira Martyniuk<\/p>\n<p>j. niemiecki:<br \/>\nAnna Ha\u0107<\/p>\n<p>j. rosyjski:<br \/>\nAnetta Weremczuk<\/p>\n<p>historia, edukacja obywatelska:<br \/>\nBarbara Nowicka<br \/>\nIwona Pastor<\/p>\n<p>edukacja dla bezpiecze\u0144stwa:<br \/>\nIwona Pastor<\/p>\n<p>matematyka:<br \/>\nArkadiusz Lotek<br \/>\nWies\u0142aw Grzywacz<br \/>\nPiotr Ostapiuk<\/p>\n<p>geografia:<br \/>\nBeata Tryniecka<\/p>\n<p>biologia:<br \/>\nAnna Burzec<\/p>\n<p>chemia:<br \/>\nRenata Maksymowicz<\/p>\n<p>fizyka:<br \/>\nArtur Michaluk<\/p>\n<p>informatyka:<br \/>\nArtur Michaluk<br \/>\nJerzy \u015awi\u0107<br \/>\nSylwia \u015awi\u0107<br \/>\nPiotr Ostapiuk<\/p>\n<p>biznes i zarz\u0105dzanie:<br \/>\nBo\u017cena Prokopiuk<\/p>\n<p>muzyka:<br \/>\nSylwia \u015awi\u0107<\/p>\n<p>wychowanie fizyczne:<br \/>\nMa\u0142gorzata Kowalik<br \/>\nDariusz Dziuba<\/p>\n<p>Pedagog, pedagog specjalny:<br \/>\nJoanna Piwowarczuk<\/p>\n<p>Pedagog:<br \/>\nEwa Kaznowska-Kosior<\/p>\n<p>Psycholog:<br \/>\nEwa Kaznowska-Kosior<\/p>\n<p>Nauczyciel bibliotekarz:<br \/>\nBo\u017cena Prokopiuk<br \/>\nBeata Tryniecka<\/p>\n","protected":false},"excerpt":{"rendered":"<p>religia: ks. Leszek Gwardecki j. polski: Edyta Ku\u017amicz Bo\u017cena Maliszewska Krzysztof Wro\u0144ski Monika Szwed j. angielski: Aneta Bryda Marzena \u015awi\u0107<\/p>\n","protected":false},"author":3,"featured_media":0,"parent":0,"menu_order":0,"comment_status":"closed","ping_status":"closed","template":"","meta":{"colormag_page_container_layout":"default_layout","colormag_page_sidebar_layout":"default_layout","footnotes":""},"class_list":["post-86","page","type-page","status-publish","hentry"],"_links":{"self":[{"href":"http:\/\/liceum-parczew.pl\/index.php\/wp-json\/wp\/v2\/pages\/86","targetHints":{"allow":["GET"]}}],"collection":[{"href":"http:\/\/liceum-parczew.pl\/index.php\/wp-json\/wp\/v2\/pages"}],"about":[{"href":"http:\/\/liceum-parczew.pl\/index.php\/wp-json\/wp\/v2\/types\/page"}],"author":[{"embeddable":true,"href":"http:\/\/liceum-parczew.pl\/index.php\/wp-json\/wp\/v2\/users\/3"}],"replies":[{"embeddable":true,"href":"http:\/\/liceum-parczew.pl\/index.php\/wp-json\/wp\/v2\/comments?post=86"}],"version-history":[{"count":25,"href":"http:\/\/liceum-parczew.pl\/index.php\/wp-json\/wp\/v2\/pages\/86\/revisions"}],"predecessor-version":[{"id":6719,"href":"http:\/\/liceum-parczew.pl\/index.php\/wp-json\/wp\/v2\/pages\/86\/revisions\/6719"}],"wp:attachment":[{"href":"http:\/\/liceum-parczew.pl\/index.php\/wp-json\/wp\/v2\/media?parent=86"}],"curies":[{"name":"wp","href":"https:\/\/api.w.org\/{rel}","templated":true}]}}