{"id":6360,"date":"2024-11-18T09:22:47","date_gmt":"2024-11-18T08:22:47","guid":{"rendered":"http:\/\/liceum-parczew.pl\/?page_id=6360"},"modified":"2025-04-03T08:23:28","modified_gmt":"2025-04-03T06:23:28","slug":"zjazd-absolwentow-2025","status":"publish","type":"page","link":"http:\/\/liceum-parczew.pl\/index.php\/zjazd-absolwentow-2025\/","title":{"rendered":"Zjazd Absolwent\u00f3w 2025"},"content":{"rendered":"<div><strong>Aktualizacja 02.04.2025<\/strong><\/div>\n<div>\n<div dir=\"ltr\">\n<div>\n<div dir=\"auto\"><\/div>\n<div dir=\"auto\"><strong>Szanowni Pa\u0144stwo,<\/strong><\/div>\n<div dir=\"auto\">pragniemy poinformowa\u0107, i\u017c termin wp\u0142at na Zjazd Absolwent\u00f3w mija w dniu 30.04.2025 r. Po tym terminie:<\/div>\n<div dir=\"auto\"><img loading=\"lazy\" decoding=\"async\" class=\"CToWUd\" src=\"https:\/\/ci3.googleusercontent.com\/meips\/ADKq_NYL47qqaPaG38wfgoaKd3ZvnwJenBHU5LdyVWZ0LzG5a_CT_sZn8EaU4PPoAGo5fJbuT9QC9YsWVKGXqIxhu2Qd0azz80_xLPRQp-JMguAJct2lBOfaow=s0-d-e1-ft#https:\/\/static.xx.fbcdn.net\/images\/emoji.php\/v9\/tdd\/1\/16\/274c.png\" alt=\"\u274c\" width=\"16\" height=\"16\" data-bit=\"iit\" \/> nie b\u0119dziemy przyjmowa\u0107 \u017cadnych op\u0142at.<\/div>\n<div dir=\"auto\"><img loading=\"lazy\" decoding=\"async\" class=\"CToWUd\" src=\"https:\/\/ci3.googleusercontent.com\/meips\/ADKq_NYL47qqaPaG38wfgoaKd3ZvnwJenBHU5LdyVWZ0LzG5a_CT_sZn8EaU4PPoAGo5fJbuT9QC9YsWVKGXqIxhu2Qd0azz80_xLPRQp-JMguAJct2lBOfaow=s0-d-e1-ft#https:\/\/static.xx.fbcdn.net\/images\/emoji.php\/v9\/tdd\/1\/16\/274c.png\" alt=\"\u274c\" width=\"16\" height=\"16\" data-bit=\"iit\" \/> nie b\u0119dzie mo\u017cliwo\u015bci zmiany rezerwacji na inn\u0105 osob\u0119 &#8211; drukujemy ju\u017c listy i identyfikatory.<\/div>\n<div dir=\"auto\"><img loading=\"lazy\" decoding=\"async\" class=\"CToWUd\" src=\"https:\/\/ci3.googleusercontent.com\/meips\/ADKq_NYL47qqaPaG38wfgoaKd3ZvnwJenBHU5LdyVWZ0LzG5a_CT_sZn8EaU4PPoAGo5fJbuT9QC9YsWVKGXqIxhu2Qd0azz80_xLPRQp-JMguAJct2lBOfaow=s0-d-e1-ft#https:\/\/static.xx.fbcdn.net\/images\/emoji.php\/v9\/tdd\/1\/16\/274c.png\" alt=\"\u274c\" width=\"16\" height=\"16\" data-bit=\"iit\" \/> nie b\u0119dzie mo\u017cliwo\u015bci zwrotu sk\u0142adki w razie rezygnacji z Balu (tak\u017ce w sytuacjach losowych), gdy\u017c tego dnia dokonujemy przelewu ca\u0142o\u015bci kwoty salom bankietowym.<\/div>\n<div dir=\"auto\"><img loading=\"lazy\" decoding=\"async\" class=\"CToWUd\" src=\"https:\/\/ci3.googleusercontent.com\/meips\/ADKq_NaQbDRTlt7_MzEb62Z1C2FoEUZEi3OhxqmhHB16gfwRlD0mHuKnSKFqvhytr-1FelPiXyRsJN_pqCaRAmXnnud_aobly3UVflcWEi6PzIB6glP4I3w5dQ=s0-d-e1-ft#https:\/\/static.xx.fbcdn.net\/images\/emoji.php\/v9\/t77\/1\/16\/203c.png\" alt=\"\u203c\" width=\"16\" height=\"16\" data-bit=\"iit\" \/> W zwi\u0105zku z powy\u017cszym, prosimy przemy\u015ble\u0107 sw\u00f3j udzia\u0142 w wydarzeniu, a je\u015bli nie s\u0105 Pa\u0144stwo pewni, czy uda si\u0119 Wam na nie dotrze\u0107 &#8211; zrezygnowa\u0107 teraz.<\/div>\n<\/div>\n<div>\n<div dir=\"auto\">Jeszcze raz przypominamy, \u017ce wp\u0142aty na Zjazd dokonujemy u Ani Junik PO WCZE\u015aNIEJSZYM, TELEFONICZNYM UZGODNIENIU MIEJSCA I TERMINU!!! PROSZ\u0118 BEZ UPRZEDZENIA NIE NACHODZI\u0106 ANI W MIEJSCU PRACY ORAZ W DOMU!!<\/div>\n<\/div>\n<div>\n<div dir=\"auto\">Przypominam raz jeszcze &#8211; cz\u0142onkowie Komitetu Organizacyjnego nie s\u0105 niczyimi pracownikami. Nie pobieraj\u0105 wynagrodzenia, tylko SPO\u0141ECZNIE pr\u00f3buj\u0105 zorganizowa\u0107 Jubileusz I LO najlepiej, jak potrafi\u0105. Robi\u0105 to po godzinach pracy, kosztem innych obowi\u0105zk\u00f3w i rodziny.<\/div>\n<\/div>\n<div>\n<div dir=\"auto\">Wszelkie skargi i za\u017calenia prosimy kierowa\u0107 na maila: <a href=\"mailto:zjazd.kopernika@gmail.com\" target=\"_blank\" rel=\"noopener\">zjazd.kopernika@gmail.com<\/a>.<\/div>\n<div dir=\"auto\">Dzi\u0119kujemy.<\/div>\n<div dir=\"auto\">Komitet Organizacyjny Zjazdu Absolwent\u00f3w I LO w Parczewie.<\/div>\n<\/div>\n<\/div>\n<\/div>\n<div><\/div>\n<div><img loading=\"lazy\" decoding=\"async\" class=\"aligncenter wp-image-6585 size-large\" src=\"http:\/\/liceum-parczew.pl\/wp-content\/uploads\/2025\/04\/termin-1024x724.png\" alt=\"\" width=\"800\" height=\"566\" srcset=\"http:\/\/liceum-parczew.pl\/wp-content\/uploads\/2025\/04\/termin-1024x724.png 1024w, http:\/\/liceum-parczew.pl\/wp-content\/uploads\/2025\/04\/termin-300x212.png 300w, http:\/\/liceum-parczew.pl\/wp-content\/uploads\/2025\/04\/termin-768x543.png 768w, http:\/\/liceum-parczew.pl\/wp-content\/uploads\/2025\/04\/termin-1536x1086.png 1536w, http:\/\/liceum-parczew.pl\/wp-content\/uploads\/2025\/04\/termin.png 2000w\" sizes=\"auto, (max-width: 800px) 100vw, 800px\" \/><\/div>\n<div><\/div>\n<div><\/div>\n<div>\n<hr \/>\n<\/div>\n<div><\/div>\n<div><\/div>\n<div><strong>Aktualizacja 04.03.2015<\/strong><\/div>\n<div><img loading=\"lazy\" decoding=\"async\" class=\"aligncenter wp-image-6522 size-full\" src=\"http:\/\/liceum-parczew.pl\/wp-content\/uploads\/2025\/03\/UWAGA.png\" alt=\"\" width=\"4535\" height=\"3402\" srcset=\"http:\/\/liceum-parczew.pl\/wp-content\/uploads\/2025\/03\/UWAGA.png 4535w, http:\/\/liceum-parczew.pl\/wp-content\/uploads\/2025\/03\/UWAGA-300x225.png 300w, http:\/\/liceum-parczew.pl\/wp-content\/uploads\/2025\/03\/UWAGA-1024x768.png 1024w, http:\/\/liceum-parczew.pl\/wp-content\/uploads\/2025\/03\/UWAGA-768x576.png 768w, http:\/\/liceum-parczew.pl\/wp-content\/uploads\/2025\/03\/UWAGA-1536x1152.png 1536w, http:\/\/liceum-parczew.pl\/wp-content\/uploads\/2025\/03\/UWAGA-2048x1536.png 2048w\" sizes=\"auto, (max-width: 4535px) 100vw, 4535px\" \/><\/div>\n<div>\n<p>Szanowni Pa\u0144stwo,<br \/>\n&#8211; przypominamy, \u017ce nadal istnieje mo\u017cliwo\u015b\u0107 zapisywania si\u0119 na cz\u0119\u015b\u0107 oficjaln\u0105 Zjazdu &#8211; op\u0142at\u0119 w wysoko\u015bci 50 z\u0142 nale\u017cy ui\u015bci\u0107 w kasie Banku Sp\u00f3\u0142dzielczego w Parczewie, ul. Ko\u015bcielna 27 od poniedzia\u0142ku do pi\u0105tku w godz. 8-16; termin wp\u0142at mija 15.05.2025,<br \/>\n&#8211; wp\u0142ata sk\u0142adki jest r\u00f3wnoznaczna z wpisaniem na list\u0119 Zjazdu, co umo\u017cliwia przypisanie uczestnika\/uczestniczki do odpowiedniej klasy na cz\u0119\u015bci oficjalnej i odbi\u00f3r Pakietu Absolwenta,<br \/>\n&#8211; wszelkie zmiany dotycz\u0105ce Pa\u0144stwa uczestnictwa w wydarzeniu (rezygnacja, zmiana danych, &#8222;zamiana&#8221; z kim\u015b) nale\u017cy zg\u0142asza\u0107 mailowo na adres <a href=\"mailto:zjazd.kopernika@gmail.com\" target=\"_blank\" rel=\"noopener\">zjazd.kopernika@gmail.com<\/a>, b\u0105d\u017a bezpo\u015brednio do Anny Junik,<br \/>\n&#8211; w przypadku rezygnacji ze Zjazdu zwrot sk\u0142adki b\u0119dzie mo\u017cliwy tylko do dnia 15.05.2025,<br \/>\n&#8211; je\u015bli nie zd\u0105\u017cyli Pa\u0144stwo zapisa\u0107 si\u0119 na Bal Absolwenta i chc\u0105 si\u0119 wpisa\u0107 na list\u0119 rezerwow\u0105 prosimy o maila na adres: <a href=\"mailto:zjazd.kopernika@gmail.com\" target=\"_blank\" rel=\"noopener\">zjazd.kopernika@gmail.com<\/a>.<\/p>\n<div><\/div>\n<div>Komitet Organizacyjny<\/div>\n<div>Zjazdu Absolwent\u00f3w<\/div>\n<\/div>\n<div>\n<hr \/>\n<\/div>\n<div><strong>Aktualizacja:<\/strong><\/div>\n<div>\n<div dir=\"auto\">Szanowni Pa\u0144stwo,<\/div>\n<div dir=\"auto\">Osi\u0105gn\u0119li\u015bmy limit 450 os. na Balu Absolwent\u00f3w. Opcja wp\u0142at na konto bankowe zosta\u0142a zablokowana.<\/div>\n<div dir=\"auto\">Nadal istnieje mo\u017cliwo\u015b\u0107 udzia\u0142u w cz\u0119\u015bci oficjalnej Zjazdu &#8211; wp\u0142at imiennych w wysoko\u015bci 50 z\u0142 mo\u017cna dokonywa\u0107 w punkcie kasowym Banku Sp\u00f3\u0142dzielczego w Parczewie ul. Ko\u015bcielna 27, od poniedzia\u0142ku do pi\u0105tku w godz.8-16.<\/div>\n<div dir=\"auto\">Komitet Organizacyjny<\/div>\n<div dir=\"auto\">Zjazdu Absolwent\u00f3w.<\/div>\n<\/div>\n<div><\/div>\n<div>\n<div>Zapraszamy wszystkich Absolwent\u00f3w oraz Pedagog\u00f3w na uroczyste obchody 80-lecia I Liceum Og\u00f3lnokszta\u0142c\u0105cego im. Miko\u0142aja Kopernika w Parczewie, po\u0142\u0105czonego ze Zjazdem Absolwent\u00f3w, kt\u00f3rzy uko\u0144czyli nasz\u0105 Szko\u0142\u0119 do 2015 roku w\u0142\u0105cznie.<\/div>\n<div>Wydarzenie odb\u0119dzie si\u0119 <strong>28 czerwca 2025<\/strong> roku w Parczewie.<\/div>\n<div><\/div>\n<div>Program obchod\u00f3w:<br \/>\n14:00 &#8211; Msza \u015bw. w Bazylice Mniejszej<br \/>\n15:00 &#8211; Przemarsz ulicami miasta<br \/>\n15:30 &#8211; Cz\u0119\u015b\u0107 oficjalna (ods\u0142oni\u0119cie tablicy pami\u0105tkowej, przem\u00f3wienia, wyst\u0119p artystyczny Absolwent\u00f3w) w I Liceum Og\u00f3lnokszta\u0142c\u0105cym w Parczewie<br \/>\n16:00 &#8211; Spotkania z wychowawcami w klasach<br \/>\n18:00 &#8211; Bal Absolwent\u00f3w &#8211; Dom Weselny, ul. Lubartowska 1<\/div>\n<div><\/div>\n<div>Koszt udzia\u0142u:<br \/>\n300 z\u0142\/ os. &#8211; uczestnicy Balu<br \/>\n50 z\u0142\/ os. &#8211; pozostali Absolwenci<\/div>\n<div>Nr konta: <strong>20 8042 0006 0018 2272 3000 0010<\/strong> (Bank Sp\u00f3\u0142dzielczy w Parczewie).<br \/>\nOdbiorca: Komitet Organizacyjny Zjazdu Absolwent\u00f3w LO w Parczewie.<br \/>\nW tytule podajemy: imi\u0119, nazwisko (panie\u0144skie), rok matury.<br \/>\nTermin wp\u0142at: do <strong>15.05.2025<\/strong><br \/>\nUWAGA! Liczba uczestnik\u00f3w Balu jest ograniczona, obowi\u0105zuje kolejno\u015b\u0107 wp\u0142at.<\/div>\n<div><\/div>\n<div>Ka\u017cdy uczestnik wydarzenia otrzyma od nas pakiet Absolwenta, w tym pami\u0105tkowy folder i gad\u017cet niespodziank\u0119.<br \/>\nW przypadku dodatkowych pyta\u0144, pozostajemy do Pa\u0144stwa dyspozycji: <a href=\"mailto:zjazd.kopernika@gmail.com\" target=\"_blank\" rel=\"noopener\">zjazd.kopernika@gmail.com<\/a>.<\/div>\n<div>Link do Wydarzenia:\u00a0<a href=\"https:\/\/fb.me\/e\/2LqdHSVvh\" target=\"_blank\" rel=\"noopener\" data-saferedirecturl=\"https:\/\/www.google.com\/url?q=https:\/\/fb.me\/e\/2LqdHSVvh&amp;source=gmail&amp;ust=1732614621455000&amp;usg=AOvVaw1G05UgUZjBDzj2RQ6hQRJM\">https:\/\/fb.me\/e\/<wbr \/>2LqdHSVvh<\/a><\/div>\n<div>UDOST\u0118PNIJ WYDARZENIE &#8211; POINFORMUJ INNYCH.<\/div>\n<div>Komitet Organizacyjny<\/div>\n<div><img loading=\"lazy\" decoding=\"async\" class=\"aligncenter wp-image-6413 size-full\" src=\"http:\/\/liceum-parczew.pl\/wp-content\/uploads\/2024\/11\/Zjazd-Plakat-popr.png\" alt=\"\" width=\"1414\" height=\"2000\" srcset=\"http:\/\/liceum-parczew.pl\/wp-content\/uploads\/2024\/11\/Zjazd-Plakat-popr.png 1414w, http:\/\/liceum-parczew.pl\/wp-content\/uploads\/2024\/11\/Zjazd-Plakat-popr-212x300.png 212w, http:\/\/liceum-parczew.pl\/wp-content\/uploads\/2024\/11\/Zjazd-Plakat-popr-724x1024.png 724w, http:\/\/liceum-parczew.pl\/wp-content\/uploads\/2024\/11\/Zjazd-Plakat-popr-768x1086.png 768w, http:\/\/liceum-parczew.pl\/wp-content\/uploads\/2024\/11\/Zjazd-Plakat-popr-1086x1536.png 1086w\" sizes=\"auto, (max-width: 1414px) 100vw, 1414px\" \/><\/div>\n<\/div>\n<p>&nbsp;<\/p>\n","protected":false},"excerpt":{"rendered":"<p>Aktualizacja 02.04.2025 Szanowni Pa\u0144stwo, pragniemy poinformowa\u0107, i\u017c termin wp\u0142at na Zjazd Absolwent\u00f3w mija w dniu 30.04.2025 r. Po tym terminie:<\/p>\n","protected":false},"author":1,"featured_media":0,"parent":0,"menu_order":0,"comment_status":"closed","ping_status":"closed","template":"","meta":{"colormag_page_container_layout":"default_layout","colormag_page_sidebar_layout":"default_layout","footnotes":""},"class_list":["post-6360","page","type-page","status-publish","hentry"],"_links":{"self":[{"href":"http:\/\/liceum-parczew.pl\/index.php\/wp-json\/wp\/v2\/pages\/6360","targetHints":{"allow":["GET"]}}],"collection":[{"href":"http:\/\/liceum-parczew.pl\/index.php\/wp-json\/wp\/v2\/pages"}],"about":[{"href":"http:\/\/liceum-parczew.pl\/index.php\/wp-json\/wp\/v2\/types\/page"}],"author":[{"embeddable":true,"href":"http:\/\/liceum-parczew.pl\/index.php\/wp-json\/wp\/v2\/users\/1"}],"replies":[{"embeddable":true,"href":"http:\/\/liceum-parczew.pl\/index.php\/wp-json\/wp\/v2\/comments?post=6360"}],"version-history":[{"count":8,"href":"http:\/\/liceum-parczew.pl\/index.php\/wp-json\/wp\/v2\/pages\/6360\/revisions"}],"predecessor-version":[{"id":6586,"href":"http:\/\/liceum-parczew.pl\/index.php\/wp-json\/wp\/v2\/pages\/6360\/revisions\/6586"}],"wp:attachment":[{"href":"http:\/\/liceum-parczew.pl\/index.php\/wp-json\/wp\/v2\/media?parent=6360"}],"curies":[{"name":"wp","href":"https:\/\/api.w.org\/{rel}","templated":true}]}}