{"id":46,"date":"2017-09-06T15:09:51","date_gmt":"2017-09-06T13:09:51","guid":{"rendered":"http:\/\/liceum-parczew.pl\/?page_id=46"},"modified":"2018-11-30T12:53:03","modified_gmt":"2018-11-30T11:53:03","slug":"kontakt","status":"publish","type":"page","link":"http:\/\/liceum-parczew.pl\/index.php\/kontakt\/","title":{"rendered":"Kontakt"},"content":{"rendered":"<blockquote class=\"wp-embedded-content\" data-secret=\"q0mCtODgyY\"><p><a href=\"http:\/\/liceum-parczew.pl\/index.php\/dane-kontaktowe\/\">Dane kontaktowe<\/a><\/p><\/blockquote>\n<p><iframe loading=\"lazy\" class=\"wp-embedded-content\" sandbox=\"allow-scripts\" security=\"restricted\" style=\"position: absolute; clip: rect(1px, 1px, 1px, 1px);\" src=\"http:\/\/liceum-parczew.pl\/index.php\/dane-kontaktowe\/embed\/#?secret=q0mCtODgyY\" data-secret=\"q0mCtODgyY\" width=\"600\" height=\"338\" title=\"&#8222;Dane kontaktowe&#8221; &#8212; I Liceum Og\u00f3lnokszta\u0142c\u0105ce w Parczewie\" frameborder=\"0\" marginwidth=\"0\" marginheight=\"0\" scrolling=\"no\"><\/iframe><\/p>\n<blockquote class=\"wp-embedded-content\" data-secret=\"xJykQa5r8j\"><p><a href=\"http:\/\/liceum-parczew.pl\/index.php\/klauzula-informacyjna\/\">Klauzula informacyjna<\/a><\/p><\/blockquote>\n<p><iframe loading=\"lazy\" class=\"wp-embedded-content\" sandbox=\"allow-scripts\" security=\"restricted\" style=\"position: absolute; clip: rect(1px, 1px, 1px, 1px);\" src=\"http:\/\/liceum-parczew.pl\/index.php\/klauzula-informacyjna\/embed\/#?secret=xJykQa5r8j\" data-secret=\"xJykQa5r8j\" width=\"600\" height=\"338\" title=\"&#8222;Klauzula informacyjna&#8221; &#8212; I Liceum Og\u00f3lnokszta\u0142c\u0105ce w Parczewie\" frameborder=\"0\" marginwidth=\"0\" marginheight=\"0\" scrolling=\"no\"><\/iframe><\/p>\n","protected":false},"excerpt":{"rendered":"<p>Dane kontaktowe Klauzula informacyjna<\/p>\n","protected":false},"author":1,"featured_media":0,"parent":0,"menu_order":60,"comment_status":"closed","ping_status":"closed","template":"","meta":{"colormag_page_container_layout":"default_layout","colormag_page_sidebar_layout":"default_layout","footnotes":""},"class_list":["post-46","page","type-page","status-publish","hentry"],"_links":{"self":[{"href":"http:\/\/liceum-parczew.pl\/index.php\/wp-json\/wp\/v2\/pages\/46","targetHints":{"allow":["GET"]}}],"collection":[{"href":"http:\/\/liceum-parczew.pl\/index.php\/wp-json\/wp\/v2\/pages"}],"about":[{"href":"http:\/\/liceum-parczew.pl\/index.php\/wp-json\/wp\/v2\/types\/page"}],"author":[{"embeddable":true,"href":"http:\/\/liceum-parczew.pl\/index.php\/wp-json\/wp\/v2\/users\/1"}],"replies":[{"embeddable":true,"href":"http:\/\/liceum-parczew.pl\/index.php\/wp-json\/wp\/v2\/comments?post=46"}],"version-history":[{"count":8,"href":"http:\/\/liceum-parczew.pl\/index.php\/wp-json\/wp\/v2\/pages\/46\/revisions"}],"predecessor-version":[{"id":1066,"href":"http:\/\/liceum-parczew.pl\/index.php\/wp-json\/wp\/v2\/pages\/46\/revisions\/1066"}],"wp:attachment":[{"href":"http:\/\/liceum-parczew.pl\/index.php\/wp-json\/wp\/v2\/media?parent=46"}],"curies":[{"name":"wp","href":"https:\/\/api.w.org\/{rel}","templated":true}]}}