{"id":44,"date":"2017-09-06T15:09:27","date_gmt":"2017-09-06T13:09:27","guid":{"rendered":"http:\/\/liceum-parczew.pl\/?page_id=44"},"modified":"2018-12-09T20:02:57","modified_gmt":"2018-12-09T19:02:57","slug":"o-szkole","status":"publish","type":"page","link":"http:\/\/liceum-parczew.pl\/index.php\/o-szkole\/","title":{"rendered":"Szko\u0142a"},"content":{"rendered":"<blockquote class=\"wp-embedded-content\" data-secret=\"qeay6ebtyT\"><p><a href=\"http:\/\/liceum-parczew.pl\/index.php\/dyrekcja\/\">Dyrekcja<\/a><\/p><\/blockquote>\n<p><iframe loading=\"lazy\" class=\"wp-embedded-content\" sandbox=\"allow-scripts\" security=\"restricted\" style=\"position: absolute; clip: rect(1px, 1px, 1px, 1px);\" src=\"http:\/\/liceum-parczew.pl\/index.php\/dyrekcja\/embed\/#?secret=qeay6ebtyT\" data-secret=\"qeay6ebtyT\" width=\"600\" height=\"338\" title=\"&#8222;Dyrekcja&#8221; &#8212; I Liceum Og\u00f3lnokszta\u0142c\u0105ce w Parczewie\" frameborder=\"0\" marginwidth=\"0\" marginheight=\"0\" scrolling=\"no\"><\/iframe><\/p>\n<blockquote class=\"wp-embedded-content\" data-secret=\"T5V3sfJQWt\"><p><a href=\"http:\/\/liceum-parczew.pl\/index.php\/sekretarz\/\">Sekretarz<\/a><\/p><\/blockquote>\n<p><iframe loading=\"lazy\" class=\"wp-embedded-content\" sandbox=\"allow-scripts\" security=\"restricted\" style=\"position: absolute; clip: rect(1px, 1px, 1px, 1px);\" src=\"http:\/\/liceum-parczew.pl\/index.php\/sekretarz\/embed\/#?secret=T5V3sfJQWt\" data-secret=\"T5V3sfJQWt\" width=\"600\" height=\"338\" title=\"&#8222;Sekretarz&#8221; &#8212; I Liceum Og\u00f3lnokszta\u0142c\u0105ce w Parczewie\" frameborder=\"0\" marginwidth=\"0\" marginheight=\"0\" scrolling=\"no\"><\/iframe><\/p>\n<blockquote class=\"wp-embedded-content\" data-secret=\"zN5pcM9Eyf\"><p><a href=\"http:\/\/liceum-parczew.pl\/index.php\/kadra-nauczycielska\/\">Kadra Nauczycielska<\/a><\/p><\/blockquote>\n<p><iframe loading=\"lazy\" class=\"wp-embedded-content\" sandbox=\"allow-scripts\" security=\"restricted\" style=\"position: absolute; clip: rect(1px, 1px, 1px, 1px);\" src=\"http:\/\/liceum-parczew.pl\/index.php\/kadra-nauczycielska\/embed\/#?secret=zN5pcM9Eyf\" data-secret=\"zN5pcM9Eyf\" width=\"600\" height=\"338\" title=\"&#8222;Kadra Nauczycielska&#8221; &#8212; I Liceum Og\u00f3lnokszta\u0142c\u0105ce w Parczewie\" frameborder=\"0\" marginwidth=\"0\" marginheight=\"0\" scrolling=\"no\"><\/iframe><\/p>\n<blockquote class=\"wp-embedded-content\" data-secret=\"bKLXiV5ltH\"><p><a href=\"http:\/\/liceum-parczew.pl\/index.php\/biblioteka\/\">Biblioteka<\/a><\/p><\/blockquote>\n<p><iframe loading=\"lazy\" class=\"wp-embedded-content\" sandbox=\"allow-scripts\" security=\"restricted\" style=\"position: absolute; clip: rect(1px, 1px, 1px, 1px);\" src=\"http:\/\/liceum-parczew.pl\/index.php\/biblioteka\/embed\/#?secret=bKLXiV5ltH\" data-secret=\"bKLXiV5ltH\" width=\"600\" height=\"338\" title=\"&#8222;Biblioteka&#8221; &#8212; I Liceum Og\u00f3lnokszta\u0142c\u0105ce w Parczewie\" frameborder=\"0\" marginwidth=\"0\" marginheight=\"0\" scrolling=\"no\"><\/iframe><\/p>\n<blockquote class=\"wp-embedded-content\" data-secret=\"Wr3uTMrJBA\"><p><a href=\"http:\/\/liceum-parczew.pl\/index.php\/pedagog\/\">Pedagog<\/a><\/p><\/blockquote>\n<p><iframe loading=\"lazy\" class=\"wp-embedded-content\" sandbox=\"allow-scripts\" security=\"restricted\" style=\"position: absolute; clip: rect(1px, 1px, 1px, 1px);\" src=\"http:\/\/liceum-parczew.pl\/index.php\/pedagog\/embed\/#?secret=Wr3uTMrJBA\" data-secret=\"Wr3uTMrJBA\" width=\"600\" height=\"338\" title=\"&#8222;Pedagog&#8221; &#8212; I Liceum Og\u00f3lnokszta\u0142c\u0105ce w Parczewie\" frameborder=\"0\" marginwidth=\"0\" marginheight=\"0\" scrolling=\"no\"><\/iframe><\/p>\n<blockquote class=\"wp-embedded-content\" data-secret=\"WkmbH8PHIi\"><p><a href=\"http:\/\/liceum-parczew.pl\/index.php\/misja-i-wizja-szkoly\/\">Misja i wizja szko\u0142y<\/a><\/p><\/blockquote>\n<p><iframe loading=\"lazy\" class=\"wp-embedded-content\" sandbox=\"allow-scripts\" security=\"restricted\" style=\"position: absolute; clip: rect(1px, 1px, 1px, 1px);\" src=\"http:\/\/liceum-parczew.pl\/index.php\/misja-i-wizja-szkoly\/embed\/#?secret=WkmbH8PHIi\" data-secret=\"WkmbH8PHIi\" width=\"600\" height=\"338\" title=\"&#8222;Misja i wizja szko\u0142y&#8221; &#8212; I Liceum Og\u00f3lnokszta\u0142c\u0105ce w Parczewie\" frameborder=\"0\" marginwidth=\"0\" marginheight=\"0\" scrolling=\"no\"><\/iframe><\/p>\n<blockquote class=\"wp-embedded-content\" data-secret=\"LOk4BUvuPu\"><p><a href=\"http:\/\/liceum-parczew.pl\/index.php\/hymn-szkoly\/\">Hymn szko\u0142y<\/a><\/p><\/blockquote>\n<p><iframe loading=\"lazy\" class=\"wp-embedded-content\" sandbox=\"allow-scripts\" security=\"restricted\" style=\"position: absolute; clip: rect(1px, 1px, 1px, 1px);\" src=\"http:\/\/liceum-parczew.pl\/index.php\/hymn-szkoly\/embed\/#?secret=LOk4BUvuPu\" data-secret=\"LOk4BUvuPu\" width=\"600\" height=\"338\" title=\"&#8222;Hymn szko\u0142y&#8221; &#8212; I Liceum Og\u00f3lnokszta\u0142c\u0105ce w Parczewie\" frameborder=\"0\" marginwidth=\"0\" marginheight=\"0\" scrolling=\"no\"><\/iframe><\/p>\n<blockquote class=\"wp-embedded-content\" data-secret=\"pNUZGblNQJ\"><p><a href=\"http:\/\/liceum-parczew.pl\/index.php\/galeria\/\">GALERIA<\/a><\/p><\/blockquote>\n<p><iframe loading=\"lazy\" class=\"wp-embedded-content\" sandbox=\"allow-scripts\" security=\"restricted\" style=\"position: absolute; clip: rect(1px, 1px, 1px, 1px);\" src=\"http:\/\/liceum-parczew.pl\/index.php\/galeria\/embed\/#?secret=pNUZGblNQJ\" data-secret=\"pNUZGblNQJ\" width=\"600\" height=\"338\" title=\"&#8222;GALERIA&#8221; &#8212; I Liceum Og\u00f3lnokszta\u0142c\u0105ce w Parczewie\" frameborder=\"0\" marginwidth=\"0\" marginheight=\"0\" scrolling=\"no\"><\/iframe><\/p>\n<blockquote class=\"wp-embedded-content\" data-secret=\"mATqGYP0S6\"><p><a href=\"http:\/\/liceum-parczew.pl\/index.php\/wydarzenia-i-osiagniecia-w-i-lo-w-latach-2014-2018\/\">Wydarzenia i osi\u0105gni\u0119cia w I LO w latach 2014 &#8211; 2018<\/a><\/p><\/blockquote>\n<p><iframe loading=\"lazy\" class=\"wp-embedded-content\" sandbox=\"allow-scripts\" security=\"restricted\" style=\"position: absolute; clip: rect(1px, 1px, 1px, 1px);\" src=\"http:\/\/liceum-parczew.pl\/index.php\/wydarzenia-i-osiagniecia-w-i-lo-w-latach-2014-2018\/embed\/#?secret=mATqGYP0S6\" data-secret=\"mATqGYP0S6\" width=\"600\" height=\"338\" title=\"&#8222;Wydarzenia i osi\u0105gni\u0119cia w I LO w latach 2014 &#8211; 2018&#8221; &#8212; I Liceum Og\u00f3lnokszta\u0142c\u0105ce w Parczewie\" frameborder=\"0\" marginwidth=\"0\" marginheight=\"0\" scrolling=\"no\"><\/iframe><\/p>\n<blockquote class=\"wp-embedded-content\" data-secret=\"iEfPhTv0B1\"><p><a href=\"http:\/\/liceum-parczew.pl\/index.php\/dzwonki\/\">Dzwonki<\/a><\/p><\/blockquote>\n<p><iframe loading=\"lazy\" class=\"wp-embedded-content\" sandbox=\"allow-scripts\" security=\"restricted\" style=\"position: absolute; clip: rect(1px, 1px, 1px, 1px);\" src=\"http:\/\/liceum-parczew.pl\/index.php\/dzwonki\/embed\/#?secret=iEfPhTv0B1\" data-secret=\"iEfPhTv0B1\" width=\"600\" height=\"338\" title=\"&#8222;Dzwonki&#8221; &#8212; I Liceum Og\u00f3lnokszta\u0142c\u0105ce w Parczewie\" frameborder=\"0\" marginwidth=\"0\" marginheight=\"0\" scrolling=\"no\"><\/iframe><\/p>\n<blockquote class=\"wp-embedded-content\" data-secret=\"Cx0PSbRG19\"><p><a href=\"http:\/\/liceum-parczew.pl\/index.php\/klauzula-informacyjna-dla-uczniow-i-rodzicow\/\">Klauzula informacyjna dla uczni\u00f3w i rodzic\u00f3w<\/a><\/p><\/blockquote>\n<p><iframe loading=\"lazy\" class=\"wp-embedded-content\" sandbox=\"allow-scripts\" security=\"restricted\" style=\"position: absolute; clip: rect(1px, 1px, 1px, 1px);\" src=\"http:\/\/liceum-parczew.pl\/index.php\/klauzula-informacyjna-dla-uczniow-i-rodzicow\/embed\/#?secret=Cx0PSbRG19\" data-secret=\"Cx0PSbRG19\" width=\"600\" height=\"338\" title=\"&#8222;Klauzula informacyjna dla uczni\u00f3w i rodzic\u00f3w&#8221; &#8212; I Liceum Og\u00f3lnokszta\u0142c\u0105ce w Parczewie\" frameborder=\"0\" marginwidth=\"0\" marginheight=\"0\" scrolling=\"no\"><\/iframe><\/p>\n","protected":false},"excerpt":{"rendered":"<p>Dyrekcja Sekretarz Kadra Nauczycielska Biblioteka Pedagog Misja i wizja szko\u0142y Hymn szko\u0142y GALERIA Wydarzenia i osi\u0105gni\u0119cia w I LO w<\/p>\n","protected":false},"author":1,"featured_media":0,"parent":0,"menu_order":50,"comment_status":"closed","ping_status":"closed","template":"","meta":{"colormag_page_container_layout":"default_layout","colormag_page_sidebar_layout":"default_layout","footnotes":""},"class_list":["post-44","page","type-page","status-publish","hentry"],"_links":{"self":[{"href":"http:\/\/liceum-parczew.pl\/index.php\/wp-json\/wp\/v2\/pages\/44","targetHints":{"allow":["GET"]}}],"collection":[{"href":"http:\/\/liceum-parczew.pl\/index.php\/wp-json\/wp\/v2\/pages"}],"about":[{"href":"http:\/\/liceum-parczew.pl\/index.php\/wp-json\/wp\/v2\/types\/page"}],"author":[{"embeddable":true,"href":"http:\/\/liceum-parczew.pl\/index.php\/wp-json\/wp\/v2\/users\/1"}],"replies":[{"embeddable":true,"href":"http:\/\/liceum-parczew.pl\/index.php\/wp-json\/wp\/v2\/comments?post=44"}],"version-history":[{"count":6,"href":"http:\/\/liceum-parczew.pl\/index.php\/wp-json\/wp\/v2\/pages\/44\/revisions"}],"predecessor-version":[{"id":1117,"href":"http:\/\/liceum-parczew.pl\/index.php\/wp-json\/wp\/v2\/pages\/44\/revisions\/1117"}],"wp:attachment":[{"href":"http:\/\/liceum-parczew.pl\/index.php\/wp-json\/wp\/v2\/media?parent=44"}],"curies":[{"name":"wp","href":"https:\/\/api.w.org\/{rel}","templated":true}]}}