{"id":3808,"date":"2021-04-09T12:10:54","date_gmt":"2021-04-09T10:10:54","guid":{"rendered":"http:\/\/liceum-parczew.pl\/?page_id=3808"},"modified":"2023-06-14T12:12:50","modified_gmt":"2023-06-14T10:12:50","slug":"soc","status":"publish","type":"page","link":"http:\/\/liceum-parczew.pl\/index.php\/soc\/","title":{"rendered":"SOC"},"content":{"rendered":"<p>Szko\u0142a Odpowiedzialna Cyfrowo<\/p>\n<div><a href=\"https:\/\/www.youtube.com\/watch?v=YmX20QCtBvw\" target=\"_blank\" rel=\"noopener noreferrer\" data-saferedirecturl=\"https:\/\/www.google.com\/url?q=https:\/\/www.youtube.com\/watch?v%3DYmX20QCtBvw&amp;source=gmail&amp;ust=1686823467862000&amp;usg=AOvVaw0tbRswzxIlDI_BjlMw4dR3\">https:\/\/www.youtube.com\/<wbr \/>watch?v=YmX20QCtBvw<\/a><\/div>\n<div><a href=\"https:\/\/www.youtube.com\/watch?v=QvylySSkZ8M&amp;t=8s\" target=\"_blank\" rel=\"noopener noreferrer\" data-saferedirecturl=\"https:\/\/www.google.com\/url?q=https:\/\/www.youtube.com\/watch?v%3DQvylySSkZ8M%26t%3D8s&amp;source=gmail&amp;ust=1686823467862000&amp;usg=AOvVaw17c25wbgKvJgi-0EQcbDMG\">https:\/\/www.youtube.com\/<wbr \/>watch?v=QvylySSkZ8M&amp;t=8s<\/a><\/div>\n<div><a href=\"https:\/\/www.youtube.com\/watch?v=Am71yBIS_ZQ\" target=\"_blank\" rel=\"noopener noreferrer\" data-saferedirecturl=\"https:\/\/www.google.com\/url?q=https:\/\/www.youtube.com\/watch?v%3DAm71yBIS_ZQ&amp;source=gmail&amp;ust=1686823467862000&amp;usg=AOvVaw1NcRfmiFkczEtBImfQxAni\">https:\/\/www.youtube.com\/<wbr \/>watch?v=Am71yBIS_ZQ<\/a><\/div>\n<div><a href=\"https:\/\/www.youtube.com\/watch?v=S4_oVpKorQA\" target=\"_blank\" rel=\"noopener noreferrer\" data-saferedirecturl=\"https:\/\/www.google.com\/url?q=https:\/\/www.youtube.com\/watch?v%3DS4_oVpKorQA&amp;source=gmail&amp;ust=1686823467862000&amp;usg=AOvVaw0pCSABc396-QdrZSGR5IjU\">https:\/\/www.youtube.com\/<wbr \/>watch?v=S4_oVpKorQA<\/a><\/div>\n<div><a href=\"https:\/\/www.youtube.com\/watch?v=Ncn0Wu957dI\">https:\/\/www.youtube.com\/watch?v=Ncn0Wu957dI<\/a><\/div>\n<div><\/div>\n<div><\/div>\n<p><iframe loading=\"lazy\" title=\"Szko\u0142a Odpowiedzialna Cyfrowo - autorski program Fundacji Dbam o M\u00f3j Zasi\u0119g\" width=\"800\" height=\"450\" src=\"https:\/\/www.youtube.com\/embed\/8pMi6us5QoA?feature=oembed\" frameborder=\"0\" allow=\"accelerometer; autoplay; clipboard-write; encrypted-media; gyroscope; picture-in-picture; web-share\" allowfullscreen><\/iframe><\/p>\n<p><a href=\"https:\/\/domowykodeks.pl\/wp-content\/uploads\/2018\/03\/Problemowe-u%C5%BCywanie-smartfon%C3%B3w-2.pdf\">https:\/\/domowykodeks.pl\/wp-content\/uploads\/2018\/03\/Problemowe-u%C5%BCywanie-smartfon%C3%B3w-2.pdf<\/a><\/p>\n<p><a href=\"https:\/\/domowykodeks.pl\/wp-content\/uploads\/2018\/03\/Sposoby-codziennych-rozwiazan.pdf\">https:\/\/domowykodeks.pl\/wp-content\/uploads\/2018\/03\/Sposoby-codziennych-rozwiazan.pdf<\/a><\/p>\n<p><a href=\"https:\/\/dbamomojzasieg.pl\/wp-content\/uploads\/2021\/03\/Mlodzi-Cyfrowi.-Nowe-technologie.-Relacje.-Dobrostan_ksiazka-1.pdf\">https:\/\/dbamomojzasieg.pl\/wp-content\/uploads\/2021\/03\/Mlodzi-Cyfrowi.-Nowe-technologie.-Relacje.-Dobrostan_ksiazka-1.pdf<\/a><\/p>\n<p><a href=\"https:\/\/zdalnenauczanie.org\/wp-content\/uploads\/2020\/10\/ZDALNA-EDUKACJA_FINAL.pdf\">https:\/\/zdalnenauczanie.org\/wp-content\/uploads\/2020\/10\/ZDALNA-EDUKACJA_FINAL.pdf<\/a><\/p>\n<p>&nbsp;<\/p>\n","protected":false},"excerpt":{"rendered":"<p>Szko\u0142a Odpowiedzialna Cyfrowo https:\/\/www.youtube.com\/watch?v=YmX20QCtBvw https:\/\/www.youtube.com\/watch?v=QvylySSkZ8M&amp;t=8s https:\/\/www.youtube.com\/watch?v=Am71yBIS_ZQ https:\/\/www.youtube.com\/watch?v=S4_oVpKorQA https:\/\/www.youtube.com\/watch?v=Ncn0Wu957dI https:\/\/domowykodeks.pl\/wp-content\/uploads\/2018\/03\/Problemowe-u%C5%BCywanie-smartfon%C3%B3w-2.pdf https:\/\/domowykodeks.pl\/wp-content\/uploads\/2018\/03\/Sposoby-codziennych-rozwiazan.pdf https:\/\/dbamomojzasieg.pl\/wp-content\/uploads\/2021\/03\/Mlodzi-Cyfrowi.-Nowe-technologie.-Relacje.-Dobrostan_ksiazka-1.pdf https:\/\/zdalnenauczanie.org\/wp-content\/uploads\/2020\/10\/ZDALNA-EDUKACJA_FINAL.pdf &nbsp;<\/p>\n","protected":false},"author":1,"featured_media":3809,"parent":0,"menu_order":0,"comment_status":"closed","ping_status":"closed","template":"","meta":{"colormag_page_container_layout":"default_layout","colormag_page_sidebar_layout":"default_layout","footnotes":""},"class_list":["post-3808","page","type-page","status-publish","has-post-thumbnail","hentry"],"_links":{"self":[{"href":"http:\/\/liceum-parczew.pl\/index.php\/wp-json\/wp\/v2\/pages\/3808","targetHints":{"allow":["GET"]}}],"collection":[{"href":"http:\/\/liceum-parczew.pl\/index.php\/wp-json\/wp\/v2\/pages"}],"about":[{"href":"http:\/\/liceum-parczew.pl\/index.php\/wp-json\/wp\/v2\/types\/page"}],"author":[{"embeddable":true,"href":"http:\/\/liceum-parczew.pl\/index.php\/wp-json\/wp\/v2\/users\/1"}],"replies":[{"embeddable":true,"href":"http:\/\/liceum-parczew.pl\/index.php\/wp-json\/wp\/v2\/comments?post=3808"}],"version-history":[{"count":5,"href":"http:\/\/liceum-parczew.pl\/index.php\/wp-json\/wp\/v2\/pages\/3808\/revisions"}],"predecessor-version":[{"id":5975,"href":"http:\/\/liceum-parczew.pl\/index.php\/wp-json\/wp\/v2\/pages\/3808\/revisions\/5975"}],"wp:featuredmedia":[{"embeddable":true,"href":"http:\/\/liceum-parczew.pl\/index.php\/wp-json\/wp\/v2\/media\/3809"}],"wp:attachment":[{"href":"http:\/\/liceum-parczew.pl\/index.php\/wp-json\/wp\/v2\/media?parent=3808"}],"curies":[{"name":"wp","href":"https:\/\/api.w.org\/{rel}","templated":true}]}}