{"id":3661,"date":"2020-12-21T09:05:20","date_gmt":"2020-12-21T08:05:20","guid":{"rendered":"http:\/\/liceum-parczew.pl\/?page_id=3661"},"modified":"2020-12-21T09:05:20","modified_gmt":"2020-12-21T08:05:20","slug":"procedura-realizacji-praw-osob-ktorych-dane-dotycza","status":"publish","type":"page","link":"http:\/\/liceum-parczew.pl\/index.php\/procedura-realizacji-praw-osob-ktorych-dane-dotycza\/","title":{"rendered":"PROCEDURA REALIZACJI PRAW OS\u00d3B, KT\u00d3RYCH DANE DOTYCZ\u0104"},"content":{"rendered":"<p><strong>PROCEDURA REALIZACJI PRAW OS\u00d3B, KT\u00d3RYCH DANE DOTYCZ\u0104<br \/>\nW I LICEUM OG\u00d3LNOKSZTA\u0141C\u0104CYM im. MIKO\u0141AJA KOPERNIKA w PARCZEWIE<\/strong><\/p>\n<p><strong>\u00a0<\/strong><\/p>\n<p><strong>RODO<\/strong> to Rozporz\u0105dzenie Parlamentu Europejskiego i Rady (UE) 2016\/679<br \/>\nz dnia 27 kwietnia 2016r. w sprawie ochrony os\u00f3b fizycznych w zwi\u0105zku<br \/>\nz przetwarzaniem danych osobowych i w sprawie swobodnego przep\u0142ywu takich danych oraz uchylenia dyrektywy 95\/46\/. Rozporz\u0105dzenie to ma na celu rozszerzenie podstawowych praw i wolno\u015bci os\u00f3b fizycznych, a w szczeg\u00f3lno\u015bci prawa do ochrony danych osobowych.<\/p>\n<p><strong>Poni\u017cej znajd\u0105 Pa\u0144stwo informacje o przys\u0142uguj\u0105cych Pa\u0144stwu prawach oraz sposobach ich realizacji. Prosimy o uwa\u017cne zapoznanie si\u0119 z tre\u015bci\u0105 niniejszego dokumentu, kt\u00f3ry ma na celu wsparcie Pa\u0144stwa w realizacji przys\u0142uguj\u0105cych uprawnie\u0144 uprawnie\u0144.<\/strong><\/p>\n<p>&nbsp;<\/p>\n<p><strong>Prawo dost\u0119pu do danych osobowych<\/strong><\/p>\n<p>W ka\u017cdej chwili mog\u0105 Pa\u0144stwo wyst\u0105pi\u0107 do nas o udzielenie informacji czy I Liceum Og\u00f3lnokszta\u0142c\u0105ce im. Miko\u0142aja Kopernika w Parczewie przetwarza Pa\u0144stwa dane osobowe. Realizuj\u0105c prawo dost\u0119pu w odpowiedzi uzyskaj\u0105 Pa\u0144stwo informacje dotycz\u0105ce:<\/p>\n<ul>\n<li>cel\u00f3w przetwarzania danych osobowych,<\/li>\n<li>kategorii przetwarzanych danych,<\/li>\n<li>odbiorc\u00f3w danych, kt\u00f3rym dane zosta\u0142y lub zostan\u0105 ujawnione,<\/li>\n<li>planowanego okresu przechowywania danych osobowych,<\/li>\n<li>prawa do \u017c\u0105dania od administratora sprostowania, usuni\u0119cia lub ograniczenia przetwarzania danych osobowych oraz do wniesienia sprzeciwu wobec takiego przetwarzania,<\/li>\n<li>prawa wniesienia skargi do organu nadzorczego,<\/li>\n<li>\u017ar\u00f3d\u0142a pochodzenia danych je\u017celi nie zosta\u0142y one zebrane bezpo\u015brednio od Pa\u0144stwa,<\/li>\n<li>zautomatyzowanego podejmowania decyzji w tym profilowania.<\/li>\n<\/ul>\n<p>Poza informacjami, o kt\u00f3rych mowa wy\u017cej mog\u0105 Pa\u0144stwo otrzyma\u0107 kopi\u0119 danych osobowych. Pierwsza kopia danych osobowych jest bezp\u0142atna, za ka\u017cd\u0105 kolejn\u0105 mo\u017cemy pobra\u0107 op\u0142at\u0119.<\/p>\n<p>Prawo dost\u0119pu do danych mo\u017ce zosta\u0107 ograniczone w okre\u015blonych sytuacjach np. mo\u017cemy odm\u00f3wi\u0107 wydania kopii danych je\u017celi nie mo\u017cna jej dostarczy\u0107 bez ujawniania poufnych danych lub wp\u0142ynie to niekorzystnie na prawa i wolno\u015bci innych os\u00f3b.<\/p>\n<p><strong>Prawo do sprostowania danych osobowych<\/strong><\/p>\n<p>Maj\u0105 Pa\u0144stwo prawo do \u017c\u0105dania sprostowania nieprawid\u0142owych danych osobowych lub ich uzupe\u0142nienia. Wnioskuj\u0105c o ich sprostowanie lub uzupe\u0142nienie powinni Pa\u0144stwo jednocze\u015bnie wykaza\u0107, \u017ce s\u0105 one nieprawid\u0142owe lub niepe\u0142ne. W tym celu nale\u017cy przedstawi\u0107 dokument, z kt\u00f3rego wynika niezgodno\u015b\u0107 przetwarzanych danych ze stanem faktycznym.<\/p>\n<p>Prawo do sprostowania danych nie b\u0119dzie mia\u0142o zastosowania w odniesieniu do danych, kt\u00f3rych tryb sprostowania okre\u015blaj\u0105 odr\u0119bne przepisy.<\/p>\n<p>&nbsp;<\/p>\n<p>&nbsp;<\/p>\n<p>&nbsp;<\/p>\n<p><strong>Prawo do usuni\u0119cia danych (\u201eprawo do bycia zapomnianym\u201d)<\/strong><\/p>\n<p>Przys\u0142uguje Pa\u0144stwu prawo do bycia zapomnianym, kt\u00f3re jest realizowane poprzez niezw\u0142oczne usuni\u0119cie danych, ale wy\u0142\u0105cznie wtedy, kiedy zachodzi jedna z nast\u0119puj\u0105cych okoliczno\u015bci:<\/p>\n<ul>\n<li>dane nie s\u0105 ju\u017c niezb\u0119dne do cel\u00f3w, w kt\u00f3rych zosta\u0142y zebrane lub w inny spos\u00f3b przetwarzane,<\/li>\n<li>cofn\u0119li\u015bcie Pa\u0144stwo zgod\u0119 na ich przetwarzanie i nie ma innej podstawy prawnej do ich przetwarzania,<\/li>\n<li>z\u0142o\u017cyli\u015bcie Pa\u0144stwo sprzeciw wobec przetwarzania danych i nie istniej\u0105 nadrz\u0119dne, prawnie uzasadnione podstawy ich przetwarzania,<\/li>\n<li>dane s\u0105 przetwarzane niezgodnie z prawem,<\/li>\n<li>dane musz\u0105 zosta\u0107 usuni\u0119te w celu wywi\u0105zania si\u0119 z obowi\u0105zku prawnego przewidzianego w prawie Unii lub prawie pa\u0144stwa cz\u0142onkowskiego, kt\u00f3remu podlega administrator,<\/li>\n<li>dane zosta\u0142y zebrane w zwi\u0105zku z oferowaniem us\u0142ug spo\u0142ecze\u0144stwa informacyjnego.<\/li>\n<\/ul>\n<p>&nbsp;<\/p>\n<p>Pa\u0144stwa prawo do bycia zapomnianym mo\u017ce przez zosta\u0107 ograniczone ale wy\u0142\u0105cznie wtedy, kiedy przetwarzanie danych jest niezb\u0119dne i na\u0142o\u017cone przepisami prawa np. poprzez obowi\u0105zek archiwizacji. W takim przypadku otrzymacie Pa\u0144stwo wyczerpuj\u0105c\u0105 informacj\u0119 dlaczego nie uwzgl\u0119dnili\u015bmy Pa\u0144stwa \u017c\u0105dania i z jakiego powodu dane nie zostan\u0105 usuni\u0119te.<\/p>\n<p><strong>Prawo do ograniczenia przetwarzania<\/strong><\/p>\n<p>Z prawa do ograniczenia przetwarzania danych osobowych mog\u0105 Pa\u0144stwo skorzysta\u0107<br \/>\nw \u015bci\u015ble okre\u015blonych sytuacjach tj.:<\/p>\n<ul>\n<li>kiedy kwestionuj\u0105 Pa\u0144stwo prawid\u0142owo\u015b\u0107 danych, (ograniczenie nast\u0119puje na okres ich sprawdzenia przez administratora),<\/li>\n<li>wnie\u015bli Pa\u0144stwo sprzeciw wobec przetwarzania danych osobowych, (ograniczenie nast\u0119puje do czasu sprawdzenia, czy podstawy administratora do przetwarzania s\u0105 nadrz\u0119dne nad podstawami sprzeciwu),<\/li>\n<li>sprzeciwiaj\u0105 si\u0119 Pa\u0144stwo usuni\u0119ciu danych osobowych (w przypadku przetwarzania danych niezgodnie z prawem) \u017c\u0105daj\u0105c w zamian ograniczenia ich przetwarzania,<\/li>\n<li>potrzebuj\u0105 Pa\u0144stwo danych do ustalenia, dochodzenia lub obrony roszcze\u0144 prawnych (a dane utraci\u0142y cel przetwarzania).<\/li>\n<\/ul>\n<p>&nbsp;<\/p>\n<p>Administrator w razie ograniczenia przetwarzania na wniosek osoby b\u0119dzie uprawniony wy\u0142\u0105cznie do przechowywania danych osobowych. Jakiekolwiek przetwarzanie wykraczaj\u0105ce poza ich przechowywanie b\u0119dzie wymaga\u0142o uzyskania od Pa\u0144stwa odr\u0119bnej zgody.<\/p>\n<p>Mo\u017cemy uchyli\u0107 ograniczenie przetwarzania je\u017celi b\u0119dzie ono niezb\u0119dne z uwagi na ochron\u0119 roszcze\u0144 lub praw innej osoby fizycznej lub z uwagi na wa\u017cne przes\u0142anki interesu publicznego. W\u00f3wczas poinformujemy Pa\u0144stwa o uchyleniu ograniczenia przetwarzania danych osobowych.<\/p>\n<p><strong>Prawo do bycia poinformowanym o sprostowaniu, usuni\u0119ciu lub ograniczeniu przetwarzania danych osobowych<\/strong><\/p>\n<p>Przys\u0142uguje Pa\u0144stwu prawo do bycia powiadomionym o:<\/p>\n<ul>\n<li>sprostowaniu nieprawid\u0142owych danych osobowych,<\/li>\n<li>uzupe\u0142nieniu niekompletnych danych osobowych,<\/li>\n<li>usuni\u0119ciu danych osobowych,<\/li>\n<li>ograniczeniu przetwarzania danych osobowych. W\u00f3wczas mamy obowi\u0105zek poinformowa\u0107 o wskazanej czynno\u015bci ka\u017cdego odbiorc\u0119, kt\u00f3remu ujawnili\u015bmy dane osobowe, chyba, \u017ce oka\u017ce si\u0119 to niemo\u017cliwe lub b\u0119dzie wymaga\u0107 niewsp\u00f3\u0142miernie du\u017cego wysi\u0142ku.<\/li>\n<\/ul>\n<p>Je\u017celi poprosz\u0105 nas Pa\u0144stwo o informacj\u0119 komu Wasze dane osobowe zosta\u0142y przekazane, informacja taka zostanie Pa\u0144stwu udzielona.<\/p>\n<p><strong>Prawo do sprzeciwu<\/strong><\/p>\n<p>W dowolnym momencie mo\u017cecie Pa\u0144stwo wnie\u015b\u0107 sprzeciw wobec przetwarzania Waszych danych osobowych z przyczyn zwi\u0105zanych ze szczeg\u00f3ln\u0105 sytuacj\u0105. W\u00f3wczas nie b\u0119dziemy mogli przetwarza\u0107 danych, chyba, \u017ce wyka\u017cemy istnienie wa\u017cnych, prawnie uzasadnionych podstaw przetwarzania, nadrz\u0119dnych wobec Pa\u0144stwa interes\u00f3w, praw<br \/>\ni wolno\u015bci lub podstaw do ustalenia, dochodzenia lub obrony roszcze\u0144.<\/p>\n<p>Je\u017celi wniesiecie Pa\u0144stwo sprzeciw wobec przetwarzania Waszych danych osobowych do cel\u00f3w marketingu bezpo\u015bredniego, to zaprzestaniemy ich przetwarzania do celu celu.<\/p>\n<p>&nbsp;<\/p>\n<p><strong>Procedura realizacji praw os\u00f3b, kt\u00f3rych dane dotycz\u0105<\/strong><\/p>\n<ol>\n<li>Aby skorzysta\u0107 z przys\u0142uguj\u0105cych praw, musz\u0105 si\u0119 Pa\u0144stwo do nas zwr\u00f3ci\u0107<br \/>\nz wnioskiem o realizacj\u0119 praw osoby, kt\u00f3rej dane dotycz\u0105. Jeste\u015bmy zobowi\u0105zani do zapewnienia ochrony przed ujawnieniem Pa\u0144stwa danych osobowych osobom nieupowa\u017cnionym.<\/li>\n<li>Pa\u0144stwa \u017c\u0105danie nale\u017cy przes\u0142a\u0107 na pi\u015bmie na adres administratora: <strong> Mickiewicza 5, 21-200 Parczew<\/strong>, lub drog\u0105 elektroniczn\u0105 na adres e-mail: <strong>liceum@parczew.pl<\/strong><\/li>\n<li>Jednocze\u015bnie informujemy, i\u017c wnioski mog\u0105 by\u0107 r\u00f3wnie\u017c sk\u0142adane ustnie w siedzibie administratora, ale w\u00f3wczas b\u0119d\u0105 potwierdzane sporz\u0105dzeniem notatki s\u0142u\u017cbowej przez przyjmuj\u0105cego wniosek pracownika administratora. Pracownik przyjmuj\u0105cy \u017c\u0105danie mo\u017ce w celu potwierdzenia to\u017csamo\u015bci osoby poprosi\u0107 Pa\u0144stwa o okazanie dokumentu ze zdj\u0119ciem oraz podpisanie notatki.<\/li>\n<li>Zastrzegamy, i\u017c nie udzielimy Pa\u0144stwu \u017cadnych odpowiedzi w drodze rozmowy telefonicznej.<\/li>\n<li>Odpowied\u017a zgodna z zakresem \u017c\u0105dania, zostanie Pa\u0144stwu udzielona bez zb\u0119dnej zw\u0142oki, ale nie p\u00f3\u017cniej jak w terminie jednego miesi\u0105ca od dnia zg\u0142oszenia.<br \/>\nW uzasadnionych przypadkach tj. z uwagi na skomplikowany charaktrer \u017c\u0105dania lub ich liczb\u0119 mo\u017cemy wyd\u0142u\u017cy\u0107 odpowied\u017a o kolejne dwa miesi\u0105ce, w\u00f3wczas zachowuj\u0105c termin miesi\u0119czny do udzielenia odpowiedzi poinformujemy Pa\u0144stwa o przyczynie op\u00f3\u017anienia.<\/li>\n<li>W przypadku odmowy realizacji wniosku poinformujemy Pa\u0144stwa o odmowie realizacji \u017c\u0105dania poprzez wskazanie powod\u00f3w niepodj\u0119cia dzia\u0142a\u0144 oraz mo\u017cliwo\u015b\u0107 z\u0142o\u017cenia skargi do organu nadzorczego.<\/li>\n<\/ol>\n<p><strong>\u00a0<\/strong><\/p>\n","protected":false},"excerpt":{"rendered":"<p>PROCEDURA REALIZACJI PRAW OS\u00d3B, KT\u00d3RYCH DANE DOTYCZ\u0104 W I LICEUM OG\u00d3LNOKSZTA\u0141C\u0104CYM im. MIKO\u0141AJA KOPERNIKA w PARCZEWIE \u00a0 RODO to Rozporz\u0105dzenie<\/p>\n","protected":false},"author":1,"featured_media":0,"parent":0,"menu_order":0,"comment_status":"closed","ping_status":"closed","template":"","meta":{"colormag_page_container_layout":"default_layout","colormag_page_sidebar_layout":"default_layout","footnotes":""},"class_list":["post-3661","page","type-page","status-publish","hentry"],"_links":{"self":[{"href":"http:\/\/liceum-parczew.pl\/index.php\/wp-json\/wp\/v2\/pages\/3661","targetHints":{"allow":["GET"]}}],"collection":[{"href":"http:\/\/liceum-parczew.pl\/index.php\/wp-json\/wp\/v2\/pages"}],"about":[{"href":"http:\/\/liceum-parczew.pl\/index.php\/wp-json\/wp\/v2\/types\/page"}],"author":[{"embeddable":true,"href":"http:\/\/liceum-parczew.pl\/index.php\/wp-json\/wp\/v2\/users\/1"}],"replies":[{"embeddable":true,"href":"http:\/\/liceum-parczew.pl\/index.php\/wp-json\/wp\/v2\/comments?post=3661"}],"version-history":[{"count":1,"href":"http:\/\/liceum-parczew.pl\/index.php\/wp-json\/wp\/v2\/pages\/3661\/revisions"}],"predecessor-version":[{"id":3662,"href":"http:\/\/liceum-parczew.pl\/index.php\/wp-json\/wp\/v2\/pages\/3661\/revisions\/3662"}],"wp:attachment":[{"href":"http:\/\/liceum-parczew.pl\/index.php\/wp-json\/wp\/v2\/media?parent=3661"}],"curies":[{"name":"wp","href":"https:\/\/api.w.org\/{rel}","templated":true}]}}