{"id":3650,"date":"2020-12-18T14:19:16","date_gmt":"2020-12-18T13:19:16","guid":{"rendered":"http:\/\/liceum-parczew.pl\/?page_id=3650"},"modified":"2020-12-18T14:19:16","modified_gmt":"2020-12-18T13:19:16","slug":"rodo","status":"publish","type":"page","link":"http:\/\/liceum-parczew.pl\/index.php\/rodo\/","title":{"rendered":"RODO"},"content":{"rendered":"<p><a href=\"http:\/\/liceum-parczew.pl\/wp-content\/uploads\/2020\/12\/Procedura-realizacji-praw-osob-ktorych-dane-dotycza-1.pdf\">Procedura realizacji praw os\u00f3b, kt\u00f3rych dane dotycz\u0105<\/a><\/p>\n<p><a href=\"http:\/\/liceum-parczew.pl\/wp-content\/uploads\/2020\/12\/Klauzula-informacyjna-monitoring.pdf\">Klauzula informacyjna monitoring<\/a><\/p>\n<p><a href=\"http:\/\/liceum-parczew.pl\/wp-content\/uploads\/2020\/12\/Klauzula-informacyjna-dla-Stazystow-praktykantow-i-wolontariuszy.pdf\">Klauzula informacyjna dla Sta\u017cyst\u00f3w, praktykant\u00f3w i wolontariuszy<\/a><\/p>\n<p><a href=\"http:\/\/liceum-parczew.pl\/wp-content\/uploads\/2020\/12\/Klauzula-informacyjna-dla-Kandydatow-do-pracy-2.pdf\">Klauzula informacyjna dla Kandydat\u00f3w do pracy<\/a><\/p>\n","protected":false},"excerpt":{"rendered":"<p>Procedura realizacji praw os\u00f3b, kt\u00f3rych dane dotycz\u0105 Klauzula informacyjna monitoring Klauzula informacyjna dla Sta\u017cyst\u00f3w, praktykant\u00f3w i wolontariuszy Klauzula informacyjna dla<\/p>\n","protected":false},"author":1,"featured_media":0,"parent":0,"menu_order":0,"comment_status":"closed","ping_status":"closed","template":"","meta":{"colormag_page_container_layout":"default_layout","colormag_page_sidebar_layout":"default_layout","footnotes":""},"class_list":["post-3650","page","type-page","status-publish","hentry"],"_links":{"self":[{"href":"http:\/\/liceum-parczew.pl\/index.php\/wp-json\/wp\/v2\/pages\/3650","targetHints":{"allow":["GET"]}}],"collection":[{"href":"http:\/\/liceum-parczew.pl\/index.php\/wp-json\/wp\/v2\/pages"}],"about":[{"href":"http:\/\/liceum-parczew.pl\/index.php\/wp-json\/wp\/v2\/types\/page"}],"author":[{"embeddable":true,"href":"http:\/\/liceum-parczew.pl\/index.php\/wp-json\/wp\/v2\/users\/1"}],"replies":[{"embeddable":true,"href":"http:\/\/liceum-parczew.pl\/index.php\/wp-json\/wp\/v2\/comments?post=3650"}],"version-history":[{"count":1,"href":"http:\/\/liceum-parczew.pl\/index.php\/wp-json\/wp\/v2\/pages\/3650\/revisions"}],"predecessor-version":[{"id":3655,"href":"http:\/\/liceum-parczew.pl\/index.php\/wp-json\/wp\/v2\/pages\/3650\/revisions\/3655"}],"wp:attachment":[{"href":"http:\/\/liceum-parczew.pl\/index.php\/wp-json\/wp\/v2\/media?parent=3650"}],"curies":[{"name":"wp","href":"https:\/\/api.w.org\/{rel}","templated":true}]}}