{"id":3592,"date":"2020-11-24T10:16:12","date_gmt":"2020-11-24T09:16:12","guid":{"rendered":"http:\/\/liceum-parczew.pl\/?page_id=3592"},"modified":"2020-11-24T10:16:12","modified_gmt":"2020-11-24T09:16:12","slug":"bezpieczenstwo-podczas-nauki-zdalnej","status":"publish","type":"page","link":"http:\/\/liceum-parczew.pl\/index.php\/bezpieczenstwo-podczas-nauki-zdalnej\/","title":{"rendered":"Bezpiecze\u0144stwo podczas nauki zdalnej"},"content":{"rendered":"<p data-wahfont=\"15\"><strong>Bezpiecze\u0144stwo w sieci<\/strong><\/p>\n<p data-wahfont=\"15\">Internet to olbrzymie medium, z\u00a0kt\u00f3rego korzystasz codziennie, ale nie zawsze z\u00a0pe\u0142n\u0105 \u015bwiadomo\u015bci\u0105 czaj\u0105cych si\u0119 w\u00a0nim zagro\u017ce\u0144. Dlatego musisz wiedzie\u0107, jakie ryzyka Ci gro\u017c\u0105 i\u00a0przede wszystkim \u2013 jak si\u0119 przed nimi zabezpieczy\u0107. Wybrali\u015bmy 10 podstawowych zagadnie\u0144, na kt\u00f3re musisz zwr\u00f3ci\u0107 uwag\u0119, je\u015bli chcesz bezpiecznie korzysta\u0107 z\u00a0sieci.<\/p>\n<p data-wahfont=\"15\">Has\u0142a to podstawa<\/p>\n<p data-wahfont=\"15\">Has\u0142a to Twoje podstawowe i\u00a0w zasadzie najwa\u017cniejsze zabezpieczenie. Nie id\u017a pod tym wzgl\u0119dem na \u0142atwizn\u0119 i\u00a0na przyk\u0142ad nie dodawaj wsz\u0119dzie takiego samego has\u0142a, np. daty urodzenia albo imienia swojego czworonoga. Silne has\u0142o to zdecydowanie lepsze zabezpieczenie.<\/p>\n<p data-wahfont=\"15\">Zachowaj szczeg\u00f3ln\u0105 ostro\u017cno\u015b\u0107 wchodz\u0105c w\u00a0linki<\/p>\n<p data-wahfont=\"15\">Bardzo cz\u0119stym sposobem atakowania prywatno\u015bci i\u00a0wyci\u0105gania danych s\u0105 rozsy\u0142ane na skrzynki pocztowe wiadomo\u015bci e-mail, zawieraj\u0105ce dziwne za\u0142\u0105czniki lub prosz\u0105ce o\u00a0klikni\u0119cie w\u00a0jakie\u015b linki. To tak zwany phishing. Nie istnieje jeden i\u00a0do tego 100-procentowo pewny spos\u00f3b na obron\u0119. Najlepiej po prostu uwa\u017ca\u0107 i\u00a0nigdy ich nie otwiera\u0107. Znacznie bezpieczniejsze jest samodzielne wchodzenie na interesuj\u0105c\u0105 Ci\u0119 stron\u0119.<\/p>\n<p data-wahfont=\"15\">Szyfrowanie plik\u00f3w na dysku<\/p>\n<p data-wahfont=\"15\">Dysk Twojego komputera to mn\u00f3stwo cennych danych i\u00a0informacji na Tw\u00f3j temat. Aby dobrze go zabezpieczy\u0107, konieczne jest jego szyfrowanie (na przyk\u0142ad funkcja Bitlocker czy VeraCrypt).<\/p>\n<p data-wahfont=\"15\">Weryfikacja dwuetapowa<\/p>\n<p data-wahfont=\"15\">Tam, gdzie konieczna jest weryfikacja, na przyk\u0142ad przy p\u0142atno\u015bciach internetowych, konieczna jest jej dwuetapowo\u015b\u0107. Czyli opr\u00f3cz zalogowania si\u0119 na danej stronie, ustaw sobie dodatkowo na przyk\u0142ad kod otrzymywany w\u00a0wiadomo\u015bci SMS. Potencjalnemu z\u0142odziejowi z\u00a0du\u017cym prawdopodobie\u0144stwem nie uda si\u0119 w\u00f3wczas dokona\u0107 zakup\u00f3w bez Twojej woli.<\/p>\n<p data-wahfont=\"15\">Bezpieczny protok\u00f3\u0142 HTTPS<\/p>\n<p data-wahfont=\"15\">Staraj si\u0119 wchodzi\u0107 wy\u0142\u0105cznie na strony, kt\u00f3re s\u0105 odpowiednio zabezpieczone przed atakami z\u00a0zewn\u0105trz. Je\u017celi strona nie ma protoko\u0142u https zapisanego przed swoim adresem, mo\u017cesz wykorzysta\u0107 wtyczk\u0119 HTTPS Everywhere, kt\u00f3ra wymusza po\u0142\u0105czenie tego typu. Dotyczy to zw\u0142aszcza tych stron, na kt\u00f3rych planujesz poda\u0107 swoje dane.<\/p>\n<p data-wahfont=\"15\">Tryb incognito<\/p>\n<p data-wahfont=\"15\">Wykorzystanie trybu incognito nie rozwi\u0105zuje wszystkich problem\u00f3w zwi\u0105zanych z\u00a0widoczno\u015bci\u0105 w\u00a0sieci. Aktywno\u015bci widzi na przyk\u0142ad dostawca internetu. Wybranie tego trybu wp\u0142ywa jedynie na brak zapisywania historii przegl\u0105darki i\u00a0nie pokazuje lokalizacji.<\/p>\n<p data-wahfont=\"15\">Komunikatory szyfruj\u0105ce w\u00a0trakcie rozm\u00f3w tekstowych<\/p>\n<p data-wahfont=\"15\">Lubisz du\u017co pisa\u0107 i\u00a0to poprzez internet najcz\u0119\u015bciej kontaktujesz si\u0119 ze znajomymi? W takim razie wykorzystaj komunikator, kt\u00f3ry szyfruje przesy\u0142ane teksty. Przyk\u0142adem takiego rozwi\u0105zania jest Signal. Mo\u017cesz mie\u0107 w\u00f3wczas pewno\u015b\u0107, \u017ce tre\u015bci nie wpadn\u0105 w\u00a0niepowo\u0142ane r\u0119ce.<\/p>\n<p data-wahfont=\"15\">Wylogowywanie si\u0119 i\u00a0u\u017cywanie pseudonim\u00f3w<\/p>\n<p data-wahfont=\"15\">Zawsze po sko\u0144czonej pracy powinno si\u0119 wylogowywa\u0107 z\u00a0danej strony oraz z\u00a0komputera. Dotyczy to zw\u0142aszcza korzystania z\u00a0komputera w\u00a0miejscu publicznym, gdzie dost\u0119p do niego mog\u0142yby mie\u0107 niepowo\u0142ane osoby. Inaczej sta\u0107 si\u0119 mo\u017cna ofiar\u0105 \u017cartu albo w\u00a0du\u017co powa\u017cniejszej sytuacji, utraci\u0107 swoje dane. Dotyczy to r\u00f3wnie\u017c korzystania z\u00a0pseudonim\u00f3w, kt\u00f3re nie pozwalaj\u0105 na \u0142atw\u0105 identyfikacj\u0119 swojej osoby oraz podawania w\u00a0internecie jak najmniejszej ilo\u015bci informacji na sw\u00f3j temat. Lepiej pozostawi\u0107 je dla os\u00f3b znanych w\u00a0realnym \u015bwiecie.<\/p>\n<p data-wahfont=\"15\"><strong>Dodatkowo te\u017c:<\/strong><\/p>\n<ol>\n<li>Podczas korzystania z komputera, smartfona i internetu u\u017cywaj zdrowego rozs\u0105dku. Nie klikaj odno\u015bnik\u00f3w i nie uruchamiaj za\u0142\u0105cznik\u00f3w w wiadomo\u015bciach przychodz\u0105cych od nieznajomych. Pami\u0119taj, \u017ce je\u017celi jaka\u015b oferta wydaje si\u0119 zbyt pi\u0119kna, by by\u0142a prawdziwa, najprawdopodobniej masz do czynienia z oszustwem.<\/li>\n<li>Cyberprzest\u0119pcy uwielbiaj\u0105 podszywa\u0107 si\u0119 pod zaufane organizacje, takie, jak banki czy firmy. Je\u017celi masz jakiekolwiek podejrzenia co do legalno\u015bci otrzymanej wiadomo\u015bci, skonsultuj si\u0119 z firm\u0105, kt\u00f3ra rzekomo j\u0105 wys\u0142a\u0142a. Pami\u0119taj, \u017ce \u017cadna firma nie poprosi Ci\u0119 o przes\u0142ania Twoich danych logowania poprzez e-mail.<\/li>\n<li>Zadbaj o solidn\u0105 ochron\u0119 swoich kont online, stosuj\u0105c silne i unikatowe has\u0142a dla ka\u017cdego serwisu. Dobre has\u0142o to pierwsza linia ochrony Twoich danych przed cyberprzest\u0119pcami. Je\u017celi masz problemy z wymy\u015blaniem i zapami\u0119tywaniem skomplikowanych hase\u0142, u\u017cyj mened\u017cera hase\u0142. Jest to program, w kt\u00f3rym mo\u017cesz bezpiecznie przechowywa\u0107 wszystkie swoje has\u0142a w postaci zaszyfrowanej. Dzi\u0119ki temu musisz pami\u0119ta\u0107 tylko jedno has\u0142o g\u0142\u00f3wne. Dobre programy antywirusowe posiadaj\u0105 wbudowane mened\u017cery hase\u0142.<\/li>\n<li>Tw\u00f3rz kopie zapasowe swoich danych na urz\u0105dzeniach zewn\u0119trznych (np. dysk USB lub pendrive), kt\u00f3re nie s\u0105 na sta\u0142e pod\u0142\u0105czone do komputera. Mo\u017cesz tak\u017ce przechowywa\u0107 takie kopie w chmurze. Posiadanie kopii zapasowej zabezpieczy Twoje dane nie tylko przed awari\u0105 sprz\u0119tu, ale tak\u017ce przed atakiem szkodliwego oprogramowania ransomware, kt\u00f3re szyfruje dane dla okupu.<\/li>\n<li>Nigdy nie odk\u0142adaj aktualizacji systemu operacyjnego i zainstalowanych aplikacji na p\u00f3\u017aniej. Publikuj\u0105c uaktualnienia, producenci oprogramowania nie tyko usprawniaj\u0105 ich dzia\u0142anie lub dodaj\u0105 nowe funkcje, ale tak\u017ce usuwaj\u0105 krytyczne b\u0142\u0119dy w zabezpieczeniach, kt\u00f3re mog\u0105 zosta\u0107 wykorzystane przez cyberprzest\u0119pc\u00f3w do zainfekowania komputera.<\/li>\n<li>Zainstaluj na swoich urz\u0105dzeniach dobre rozwi\u0105zanie bezpiecze\u0144stwa. Wybieraj\u0105c konkretny produkt kieruj si\u0119 przede wszystkim jako\u015bci\u0105 ochrony, wspieraj\u0105c si\u0119 niezale\u017cnymi testami takich organizacji jak AV-TEST, AV-Comparatives czy polski AVLab.pl. Serwisy te regularnie publikuj\u0105 rozbudowane testy produkt\u00f3w bezpiecze\u0144stwa, co pozwala wyrobi\u0107 sobie opini\u0119 na temat poszczeg\u00f3lnych dostawc\u00f3w ochrony.<\/li>\n<\/ol>\n","protected":false},"excerpt":{"rendered":"<p>Bezpiecze\u0144stwo w sieci Internet to olbrzymie medium, z\u00a0kt\u00f3rego korzystasz codziennie, ale nie zawsze z\u00a0pe\u0142n\u0105 \u015bwiadomo\u015bci\u0105 czaj\u0105cych si\u0119 w\u00a0nim zagro\u017ce\u0144. Dlatego<\/p>\n","protected":false},"author":1,"featured_media":0,"parent":0,"menu_order":0,"comment_status":"closed","ping_status":"closed","template":"","meta":{"colormag_page_container_layout":"default_layout","colormag_page_sidebar_layout":"default_layout","footnotes":""},"class_list":["post-3592","page","type-page","status-publish","hentry"],"_links":{"self":[{"href":"http:\/\/liceum-parczew.pl\/index.php\/wp-json\/wp\/v2\/pages\/3592","targetHints":{"allow":["GET"]}}],"collection":[{"href":"http:\/\/liceum-parczew.pl\/index.php\/wp-json\/wp\/v2\/pages"}],"about":[{"href":"http:\/\/liceum-parczew.pl\/index.php\/wp-json\/wp\/v2\/types\/page"}],"author":[{"embeddable":true,"href":"http:\/\/liceum-parczew.pl\/index.php\/wp-json\/wp\/v2\/users\/1"}],"replies":[{"embeddable":true,"href":"http:\/\/liceum-parczew.pl\/index.php\/wp-json\/wp\/v2\/comments?post=3592"}],"version-history":[{"count":1,"href":"http:\/\/liceum-parczew.pl\/index.php\/wp-json\/wp\/v2\/pages\/3592\/revisions"}],"predecessor-version":[{"id":3593,"href":"http:\/\/liceum-parczew.pl\/index.php\/wp-json\/wp\/v2\/pages\/3592\/revisions\/3593"}],"wp:attachment":[{"href":"http:\/\/liceum-parczew.pl\/index.php\/wp-json\/wp\/v2\/media?parent=3592"}],"curies":[{"name":"wp","href":"https:\/\/api.w.org\/{rel}","templated":true}]}}