{"id":2,"date":"2017-08-22T14:52:38","date_gmt":"2017-08-22T12:52:38","guid":{"rendered":"http:\/\/liceum-parczew.pl\/?page_id=2"},"modified":"2024-09-30T08:16:41","modified_gmt":"2024-09-30T06:16:41","slug":"aktualnosci","status":"publish","type":"page","link":"http:\/\/liceum-parczew.pl\/index.php\/aktualnosci\/","title":{"rendered":"Rada Rodzic\u00f3w"},"content":{"rendered":"<p>Rada Rodzic\u00f3w przy I Liceum Og\u00f3lnokszta\u0142c\u0105cym im. Miko\u0142aja Kopernika w Parczewie<\/p>\n<p><strong>Nr konta: 96 8042 0006 0000 0114 2000 0010<\/strong><\/p>\n<p>Sk\u0142ad Prezydium Rady Rodzic\u00f3w:<\/p>\n<p>Agata Gromysz &#8211; Przewodnicz\u0105cy,<br \/>\nGrzegorz Howorus &#8211; Zast\u0119pca Przewodnicz\u0105cego,<br \/>\nEwa Nizio\u0142ek- Sekretarz,<br \/>\nZbigniew S\u0142owik &#8211; Skarbnik,<\/p>\n<p>Ustalono wysoko\u015b\u0107 sk\u0142adki na Rad\u0119 Rodzic\u00f3w w roku szkolnym 2024\/2025 w wysoko\u015bci 50 z\u0142.<\/p>\n","protected":false},"excerpt":{"rendered":"<p>Rada Rodzic\u00f3w przy I Liceum Og\u00f3lnokszta\u0142c\u0105cym im. Miko\u0142aja Kopernika w Parczewie Nr konta: 96 8042 0006 0000 0114 2000 0010<\/p>\n","protected":false},"author":1,"featured_media":0,"parent":0,"menu_order":0,"comment_status":"closed","ping_status":"closed","template":"","meta":{"colormag_page_container_layout":"default_layout","colormag_page_sidebar_layout":"default_layout","footnotes":""},"class_list":["post-2","page","type-page","status-publish","hentry"],"_links":{"self":[{"href":"http:\/\/liceum-parczew.pl\/index.php\/wp-json\/wp\/v2\/pages\/2","targetHints":{"allow":["GET"]}}],"collection":[{"href":"http:\/\/liceum-parczew.pl\/index.php\/wp-json\/wp\/v2\/pages"}],"about":[{"href":"http:\/\/liceum-parczew.pl\/index.php\/wp-json\/wp\/v2\/types\/page"}],"author":[{"embeddable":true,"href":"http:\/\/liceum-parczew.pl\/index.php\/wp-json\/wp\/v2\/users\/1"}],"replies":[{"embeddable":true,"href":"http:\/\/liceum-parczew.pl\/index.php\/wp-json\/wp\/v2\/comments?post=2"}],"version-history":[{"count":14,"href":"http:\/\/liceum-parczew.pl\/index.php\/wp-json\/wp\/v2\/pages\/2\/revisions"}],"predecessor-version":[{"id":6290,"href":"http:\/\/liceum-parczew.pl\/index.php\/wp-json\/wp\/v2\/pages\/2\/revisions\/6290"}],"wp:attachment":[{"href":"http:\/\/liceum-parczew.pl\/index.php\/wp-json\/wp\/v2\/media?parent=2"}],"curies":[{"name":"wp","href":"https:\/\/api.w.org\/{rel}","templated":true}]}}