{"id":1402,"date":"2019-04-15T09:24:15","date_gmt":"2019-04-15T07:24:15","guid":{"rendered":"http:\/\/liceum-parczew.pl\/?page_id=1402"},"modified":"2026-01-19T15:26:11","modified_gmt":"2026-01-19T14:26:11","slug":"statut-szkoly","status":"publish","type":"page","link":"http:\/\/liceum-parczew.pl\/index.php\/statut-szkoly\/","title":{"rendered":"Statut Szko\u0142y"},"content":{"rendered":"\n<p>W linku poni\u017cej znajduje si\u0119 tre\u015b\u0107 Statutu Szko\u0142y:<\/p>\n\n\n\n<p>&nbsp;<\/p>\n\n\n\n<div data-wp-interactive=\"core\/file\" class=\"wp-block-file\"><object data-wp-bind--hidden=\"!state.hasPdfPreview\" hidden class=\"wp-block-file__embed\" data=\"http:\/\/liceum-parczew.pl\/wp-content\/uploads\/2026\/01\/Statut-LO-w-Parczewie-2025-tekst-ujednolicony.pdf\" type=\"application\/pdf\" style=\"width:100%;height:600px\" aria-label=\"Osadzone z Statut LO w Parczewie 2025 - tekst ujednolicony.\"><\/object><a id=\"wp-block-file--media-4fd7dadb-0fdf-4b2e-909d-62482c6933c6\" href=\"http:\/\/liceum-parczew.pl\/wp-content\/uploads\/2026\/01\/Statut-LO-w-Parczewie-2025-tekst-ujednolicony.pdf\">Statut LO w Parczewie 2025 &#8211; tekst ujednolicony<\/a><a href=\"http:\/\/liceum-parczew.pl\/wp-content\/uploads\/2026\/01\/Statut-LO-w-Parczewie-2025-tekst-ujednolicony.pdf\" class=\"wp-block-file__button wp-element-button\" download aria-describedby=\"wp-block-file--media-4fd7dadb-0fdf-4b2e-909d-62482c6933c6\">Pobierz<\/a><\/div>\n\n\n\n<p><\/p>\n","protected":false},"excerpt":{"rendered":"<p>W linku poni\u017cej znajduje si\u0119 tre\u015b\u0107 Statutu Szko\u0142y: &nbsp;<\/p>\n","protected":false},"author":1,"featured_media":0,"parent":0,"menu_order":0,"comment_status":"closed","ping_status":"closed","template":"","meta":{"colormag_page_container_layout":"default_layout","colormag_page_sidebar_layout":"default_layout","footnotes":""},"class_list":["post-1402","page","type-page","status-publish","hentry"],"_links":{"self":[{"href":"http:\/\/liceum-parczew.pl\/index.php\/wp-json\/wp\/v2\/pages\/1402","targetHints":{"allow":["GET"]}}],"collection":[{"href":"http:\/\/liceum-parczew.pl\/index.php\/wp-json\/wp\/v2\/pages"}],"about":[{"href":"http:\/\/liceum-parczew.pl\/index.php\/wp-json\/wp\/v2\/types\/page"}],"author":[{"embeddable":true,"href":"http:\/\/liceum-parczew.pl\/index.php\/wp-json\/wp\/v2\/users\/1"}],"replies":[{"embeddable":true,"href":"http:\/\/liceum-parczew.pl\/index.php\/wp-json\/wp\/v2\/comments?post=1402"}],"version-history":[{"count":7,"href":"http:\/\/liceum-parczew.pl\/index.php\/wp-json\/wp\/v2\/pages\/1402\/revisions"}],"predecessor-version":[{"id":6838,"href":"http:\/\/liceum-parczew.pl\/index.php\/wp-json\/wp\/v2\/pages\/1402\/revisions\/6838"}],"wp:attachment":[{"href":"http:\/\/liceum-parczew.pl\/index.php\/wp-json\/wp\/v2\/media?parent=1402"}],"curies":[{"name":"wp","href":"https:\/\/api.w.org\/{rel}","templated":true}]}}