{"id":1237,"date":"2019-02-27T21:28:32","date_gmt":"2019-02-27T20:28:32","guid":{"rendered":"http:\/\/liceum-parczew.pl\/?page_id=1237"},"modified":"2019-03-15T16:17:16","modified_gmt":"2019-03-15T15:17:16","slug":"oferta-dla-absolwentow-szkol-podstawowych","status":"publish","type":"page","link":"http:\/\/liceum-parczew.pl\/index.php\/oferta-dla-absolwentow-szkol-podstawowych\/","title":{"rendered":"Oferta dla absolwent\u00f3w szk\u00f3\u0142 podstawowych"},"content":{"rendered":"<p>Dla absolwent\u00f3w szk\u00f3\u0142 podstawowych proponujemy cztery klasy pierwsze na rok szkolny 2019\/2020:<\/p>\n<table width=\"0\">\n<tbody>\n<tr>\n<td style=\"text-align: center;\" width=\"189\"><strong>Nazwa oddzia\u0142u<\/strong><\/td>\n<td style=\"text-align: center;\" width=\"255\"><strong>Przedmioty realizowane wg podstawy rozszerzonej:<\/strong><\/td>\n<td style=\"text-align: center;\" width=\"217\"><strong>J\u0119zyki<\/strong><\/td>\n<\/tr>\n<tr>\n<td width=\"189\">I an: klasa\u00a0 humanistyczna<\/td>\n<td width=\"255\"><strong>j\u0119zyk polski, j\u0119zyk angielski<\/strong><\/p>\n<p>trzeci przedmiot rozszerzony do wyboru: <strong>historia, geografia, WOS<\/strong><\/td>\n<td width=\"217\">j\u0119zyk angielski poziom rozszerzony(kontynuacja)<\/p>\n<p>j\u0119zyk niemiecki\/j\u0119zyk rosyjski<\/td>\n<\/tr>\n<tr>\n<td width=\"189\">I bn: klasa\u00a0 matematyczno- j\u0119zykowa<\/td>\n<td width=\"255\"><strong>matematyka, j\u0119zyk angielski<\/strong><\/p>\n<p>trzeci przedmiot rozszerzony do wyboru: <strong>fizyka, geografia, historia<\/strong><\/td>\n<td width=\"217\">j\u0119zyk angielski poziom rozszerzony (kontynuacja)<\/p>\n<p>j\u0119zyk niemiecki\/j\u0119zyk rosyjski<\/td>\n<\/tr>\n<tr>\n<td width=\"189\">I cn: klasa matematyczno- informatyczna<\/td>\n<td width=\"255\"><strong>matematyka, informatyka<\/strong><\/p>\n<p>trzeci przedmiot rozszerzony do wyboru: <strong>fizyka, geografia, historia<\/strong><\/td>\n<td width=\"217\">j\u0119zyk angielski(kontynuacja)<\/p>\n<p>j\u0119zyk niemiecki\/j\u0119zyk rosyjski<\/td>\n<\/tr>\n<tr>\n<td width=\"189\">I dn: klasa biologiczno-chemiczna<\/td>\n<td width=\"255\"><strong>biologia, chemia, j\u0119zyk angielski<\/strong><\/td>\n<td width=\"217\">j\u0119zyk angielski poziom rozszerzony (kontynuacja)<\/p>\n<p>j\u0119zyk niemiecki\/j\u0119zyk rosyjski<\/td>\n<\/tr>\n<\/tbody>\n<\/table>\n<p>Ustala si\u0119 nast\u0119puj\u0105ce przedmioty, z kt\u00f3rych oceny b\u0119d\u0105 brane pod uwag\u0119 w zale\u017cno\u015bci od rozszerzenia programowego w danej klasie, przy ustalaniu liczby punkt\u00f3w osi\u0105ganych przez kandydat\u00f3w w procesie rekrutacyjnym:<\/p>\n<p>&#8211; klasa I an \u2013 j\u0119zyk polski, matematyka, j\u0119zyk angielski oraz do wyboru: historia, geografia, wiedza o spo\u0142ecze\u0144stwie;<\/p>\n<p>&#8211; klasa I bn \u2013 j\u0119zyk polski, matematyka, j\u0119zyk angielski oraz do wyboru: geografia, fizyka, historia;<\/p>\n<p>&#8211; klasa I cn \u2013 j\u0119zyk polski, matematyka, j\u0119zyk angielski, informatyka;<\/p>\n<p>&#8211; klasa I dn \u2013 j\u0119zyk polski, matematyka, j\u0119zyk angielski, oraz do wyboru: biologia lub chemia.<\/p>\n<p>O przyj\u0119cie do I Liceum Og\u00f3lnokszta\u0142c\u0105cego im. Miko\u0142aja Kopernika w Parczewie mog\u0105 si\u0119 ubiega\u0107 absolwenci szk\u00f3\u0142 podstawowych, kt\u00f3rzy uzyskali minimum 70 punkt\u00f3w w procesie rekrutacji.<\/p>\n<p>W wyniku procesu rekrutacyjnego \u015brednia liczba uczni\u00f3w w klasach pierwszych ma wynosi\u0107 minimum 25. Mo\u017ce wynosi\u0107 mniej za zgod\u0105 Organu Prowadz\u0105cego szko\u0142\u0119.<\/p>\n<p><a href=\"http:\/\/liceum-parczew.pl\/wp-content\/uploads\/2019\/03\/regulamin_rekrutacji.pdf\">Regulamin rekrutacji I LO Parczew<\/a><\/p>\n","protected":false},"excerpt":{"rendered":"<p>Dla absolwent\u00f3w szk\u00f3\u0142 podstawowych proponujemy cztery klasy pierwsze na rok szkolny 2019\/2020: Nazwa oddzia\u0142u Przedmioty realizowane wg podstawy rozszerzonej: J\u0119zyki<\/p>\n","protected":false},"author":1,"featured_media":0,"parent":0,"menu_order":0,"comment_status":"closed","ping_status":"closed","template":"","meta":{"colormag_page_container_layout":"default_layout","colormag_page_sidebar_layout":"default_layout","footnotes":""},"class_list":["post-1237","page","type-page","status-publish","hentry"],"_links":{"self":[{"href":"http:\/\/liceum-parczew.pl\/index.php\/wp-json\/wp\/v2\/pages\/1237","targetHints":{"allow":["GET"]}}],"collection":[{"href":"http:\/\/liceum-parczew.pl\/index.php\/wp-json\/wp\/v2\/pages"}],"about":[{"href":"http:\/\/liceum-parczew.pl\/index.php\/wp-json\/wp\/v2\/types\/page"}],"author":[{"embeddable":true,"href":"http:\/\/liceum-parczew.pl\/index.php\/wp-json\/wp\/v2\/users\/1"}],"replies":[{"embeddable":true,"href":"http:\/\/liceum-parczew.pl\/index.php\/wp-json\/wp\/v2\/comments?post=1237"}],"version-history":[{"count":6,"href":"http:\/\/liceum-parczew.pl\/index.php\/wp-json\/wp\/v2\/pages\/1237\/revisions"}],"predecessor-version":[{"id":1303,"href":"http:\/\/liceum-parczew.pl\/index.php\/wp-json\/wp\/v2\/pages\/1237\/revisions\/1303"}],"wp:attachment":[{"href":"http:\/\/liceum-parczew.pl\/index.php\/wp-json\/wp\/v2\/media?parent=1237"}],"curies":[{"name":"wp","href":"https:\/\/api.w.org\/{rel}","templated":true}]}}