{"id":1114,"date":"2018-12-09T20:00:28","date_gmt":"2018-12-09T19:00:28","guid":{"rendered":"http:\/\/liceum-parczew.pl\/?page_id=1114"},"modified":"2025-09-08T20:47:58","modified_gmt":"2025-09-08T18:47:58","slug":"klauzula-informacyjna-dla-uczniow-i-rodzicow","status":"publish","type":"page","link":"http:\/\/liceum-parczew.pl\/index.php\/klauzula-informacyjna-dla-uczniow-i-rodzicow\/","title":{"rendered":"Klauzula informacyjna dla uczni\u00f3w i rodzic\u00f3w"},"content":{"rendered":"<ol>\n<li>Administratorem danych osobowych uczni\u00f3w, rodzic\u00f3w\/opiekun\u00f3w prawnych jest<br \/>\n<strong>I Liceum Og\u00f3lnokszta\u0142c\u0105ce im. Miko\u0142aja Kopernika w Parczewie, ul. Mickiewicza 5, 21-200 Parczew,<\/strong> <strong>telefon \u2013 <\/strong><strong>83 355 15 77<\/strong>, <strong>e-mail \u2013 liceum@parczew.pl<\/strong><\/li>\n<li>Inspektorem Ochrony Danych wyznaczonym przez Administratora jest \u2013 <strong>S\u0141AWOMIR ZAGOJSKI DORADZTWO I ZARZ\u0104DZANIE \u2013 e-mail \u2013 iod.liceum@parczew.pl<\/strong><\/li>\n<li>Dane osobowe przetwarzane s\u0105 w celu realizacji zada\u0144 ustawowych, okre\u015blonych<br \/>\nw ustawie Prawo o\u015bwiatowe, ustawie o systemie o\u015bwiaty oraz w celu realizacji statutowych zada\u0144 dydaktycznych, opieku\u0144czych i wychowawczych, a tak\u017ce promocji szko\u0142y i osi\u0105gni\u0119\u0107 uczni\u00f3w.<br \/>\nPodstaw\u0105 przetwarzania danych osobowych jest ustawa Prawo o\u015bwiatowe, ustawa o systemie o\u015bwiaty, ustawa o systemie informacji o\u015bwiatowej oraz akty prawne dotycz\u0105ce pomocy psychologiczno \u2013 pedagogicznej. W przypadku publikacji danych i wizerunku w zwi\u0105zku z promocj\u0105 szko\u0142y i osi\u0105gni\u0119\u0107 uczni\u00f3w podstaw\u0105 przetwarzania jest zgoda wyra\u017cona przez ucznia\/rodzica\/opiekuna prawnego.<\/li>\n<li>Dane osobowe uczni\u00f3w, rodzic\u00f3w\/opiekun\u00f3w prawnych mog\u0105 by\u0107 przekazywane Organowi prowadz\u0105cemu szko\u0142\u0119, podmiotom uprawnionym na podstawie przepis\u00f3w prawa oraz innym osobom\/podmiotom wsp\u00f3\u0142pracuj\u0105cym na podstawie um\u00f3w cywilnoprawnych z Administratorem, je\u017celi wynika to z zakresu ich kompetencji oraz podmiotom \u015bwiadcz\u0105cym dla Administratora us\u0142ugi w zakresie dostawy, serwisu i utrzymania system\u00f3w informatycznych oraz oprogramowania.<\/li>\n<li>Dane osobowe uczni\u00f3w, rodzic\u00f3w\/opiekun\u00f3w prawnych b\u0119d\u0105 przechowywane przez okres wskazany w ustawie o narodowym zasobie archiwalnym i archiwach.<\/li>\n<li>Przys\u0142uguje Pa\u0144stwu prawo do \u017c\u0105dania od administratora dost\u0119pu do przekazanych danych osobowych, prawo do ich sprostowania, usuni\u0119cia lub ograniczenia przetwarzania oraz prawo do przenoszenia danych.<\/li>\n<li>Przys\u0142uguje Pa\u0144stwu prawo do cofni\u0119cia zgody na przetwarzanie danych<br \/>\nw dowolnym momencie, jednak nie b\u0119dzie to mia\u0142o wp\u0142ywu na zgodno\u015b\u0107<br \/>\nz prawem przetwarzania podanych danych dokonanego przed jej cofni\u0119ciem.<\/li>\n<li>Przys\u0142uguje Pa\u0144stwu prawo wniesienia skargi do organu nadzorczego, kt\u00f3rym<br \/>\nw Polsce jest Prezes Urz\u0119du Ochrony Danych Osobowych (adres siedziby: ul. Stanis\u0142awa Moniuszki 1A, 00-014 Warszawa).<\/li>\n<li>Podanie danych jest wymogiem wynikaj\u0105cym z przepis\u00f3w okre\u015blonych w pkt 3.<\/li>\n<\/ol>\n","protected":false},"excerpt":{"rendered":"<p>Administratorem danych osobowych uczni\u00f3w, rodzic\u00f3w\/opiekun\u00f3w prawnych jest I Liceum Og\u00f3lnokszta\u0142c\u0105ce im. Miko\u0142aja Kopernika w Parczewie, ul. Mickiewicza 5, 21-200 Parczew,<\/p>\n","protected":false},"author":1,"featured_media":0,"parent":0,"menu_order":0,"comment_status":"closed","ping_status":"closed","template":"","meta":{"colormag_page_container_layout":"default_layout","colormag_page_sidebar_layout":"default_layout","footnotes":""},"class_list":["post-1114","page","type-page","status-publish","hentry"],"_links":{"self":[{"href":"http:\/\/liceum-parczew.pl\/index.php\/wp-json\/wp\/v2\/pages\/1114","targetHints":{"allow":["GET"]}}],"collection":[{"href":"http:\/\/liceum-parczew.pl\/index.php\/wp-json\/wp\/v2\/pages"}],"about":[{"href":"http:\/\/liceum-parczew.pl\/index.php\/wp-json\/wp\/v2\/types\/page"}],"author":[{"embeddable":true,"href":"http:\/\/liceum-parczew.pl\/index.php\/wp-json\/wp\/v2\/users\/1"}],"replies":[{"embeddable":true,"href":"http:\/\/liceum-parczew.pl\/index.php\/wp-json\/wp\/v2\/comments?post=1114"}],"version-history":[{"count":2,"href":"http:\/\/liceum-parczew.pl\/index.php\/wp-json\/wp\/v2\/pages\/1114\/revisions"}],"predecessor-version":[{"id":6721,"href":"http:\/\/liceum-parczew.pl\/index.php\/wp-json\/wp\/v2\/pages\/1114\/revisions\/6721"}],"wp:attachment":[{"href":"http:\/\/liceum-parczew.pl\/index.php\/wp-json\/wp\/v2\/media?parent=1114"}],"curies":[{"name":"wp","href":"https:\/\/api.w.org\/{rel}","templated":true}]}}