{"id":1076,"date":"2018-11-30T13:14:14","date_gmt":"2018-11-30T12:14:14","guid":{"rendered":"http:\/\/liceum-parczew.pl\/?page_id=1076"},"modified":"2023-11-10T09:25:18","modified_gmt":"2023-11-10T08:25:18","slug":"biblioteka","status":"publish","type":"page","link":"http:\/\/liceum-parczew.pl\/index.php\/biblioteka\/","title":{"rendered":"Biblioteka"},"content":{"rendered":"<p>Nauczyciel bibliotekarz:<br \/>\nBo\u017cena Prokopiuk<\/p>\n<h3 align=\"center\"><strong><span style=\"color: #ff0000;\"><span style=\"font-size: large;\">Zapraszamy do biblioteki:<\/span><\/span><\/strong><\/h3>\n<h3 align=\"center\"><strong><span style=\"color: #ff0000;\"><span style=\"font-size: large;\">poniedzia\u0142ek, \u015broda, <\/span><\/span><\/strong><strong><span style=\"color: #ff0000;\"><span style=\"font-size: large;\">czwartek i <\/span><\/span><\/strong><strong><span style=\"color: #ff0000;\"><span style=\"font-size: large;\">pi\u0105tek w godz. 8.00 \u2013 14.00, <\/span><\/span><\/strong><\/h3>\n<h3 align=\"center\"><strong><span style=\"color: #ff0000;\"><span style=\"font-size: large;\">wtorek <\/span><\/span><\/strong><strong><span style=\"color: #ff0000;\"><span style=\"font-size: large;\">w godz. 9.00 \u2013 15.00<\/span><\/span><\/strong><\/h3>\n<p align=\"left\"><span style=\"font-size: medium;\"><b>Kontakt:<\/b><\/span><\/p>\n<p align=\"left\"><span style=\"font-size: large;\"><span style=\"font-size: medium;\"><b>E<\/b><\/span><span style=\"font-size: medium;\"><b>-mail: <a href=\"mailto:biblioteka_lo@interia.pl\">biblioteka_lo@interia.pl<\/a><\/b><\/span><\/span><\/p>\n<p align=\"left\"><span style=\"font-size: medium;\"><b>Dziennik elektroniczny Librus<\/b><\/span><\/p>\n<p align=\"left\"><span style=\"font-size: large;\"><span style=\"font-size: medium;\"><b>Blog: <a href=\"http:\/\/bibliotekaloparczew.blogspot.com\/\">http:\/\/bibliotekaloparczew.blogspot.com\/<\/a><\/b><\/span><\/span><\/p>\n<p align=\"left\"><span style=\"font-size: medium;\"><u><b>Biblioteka oferuje czytelnikom:<\/b><\/u><\/span><\/p>\n<ul>\n<li>\n<p align=\"left\"><span style=\"font-size: medium;\">lektury i ich opracowania, klasyk\u0119, bestselery literatury polskiej i \u015bwiatowej, ksi\u0105\u017cki popularnonaukowe, ksi\u0105\u017cki poszerzaj\u0105ce wiedz\u0119 podr\u0119cznikow\u0105 i in. (ok. 10 tys.);<\/span><\/p>\n<\/li>\n<li>\n<p align=\"left\"><span style=\"font-size: medium;\">filmy DVD: historyczne, na lekcje wychowawcze, popularnonaukowe, audiobooki, p\u0142yty muzyczne CD;<\/span><\/p>\n<\/li>\n<li>\n<p align=\"left\"><span style=\"font-size: medium;\">mo\u017cliwo\u015b\u0107 skorzystania z komputer\u00f3w z dost\u0119pem do Internetu oraz z telewizora;<\/span><\/p>\n<\/li>\n<li>\n<p align=\"left\"><span style=\"font-size: medium;\">zestawy gier planszowych Scrabble, Literaci Lubelszczyzny;<\/span><\/p>\n<\/li>\n<li>\n<p align=\"left\"><span style=\"font-size: medium;\">w strefie relaksu znajduje si\u0119 si\u0119 p\u00f3\u0142ka bookcrossingowa, dzi\u0119ki kt\u00f3rej mo\u017cna wymienia\u0107 si\u0119 ksi\u0105\u017ckami z innymi czytelnikami.<\/span><\/p>\n<\/li>\n<\/ul>\n<p align=\"left\"><span style=\"font-size: medium;\"><u><b>Dzia\u0142ania dodatkowe realizowane przez bibliotek\u0119:<\/b><\/u><\/span><\/p>\n<ul>\n<li>\n<p align=\"left\"><span style=\"font-size: medium;\">organizowanie imprez cyklicznych, takich jak: Narodowe Czytanie, Noc Bibliotek oraz akcji promuj\u0105cych literatur\u0119;<img loading=\"lazy\" decoding=\"async\" class=\"size-medium wp-image-4242 alignright\" src=\"http:\/\/liceum-parczew.pl\/wp-content\/uploads\/2021\/09\/DSC07110-1-300x200.jpg\" alt=\"\" width=\"300\" height=\"200\" srcset=\"http:\/\/liceum-parczew.pl\/wp-content\/uploads\/2021\/09\/DSC07110-1-300x200.jpg 300w, http:\/\/liceum-parczew.pl\/wp-content\/uploads\/2021\/09\/DSC07110-1-1024x684.jpg 1024w, http:\/\/liceum-parczew.pl\/wp-content\/uploads\/2021\/09\/DSC07110-1-768x513.jpg 768w, http:\/\/liceum-parczew.pl\/wp-content\/uploads\/2021\/09\/DSC07110-1-1536x1026.jpg 1536w, http:\/\/liceum-parczew.pl\/wp-content\/uploads\/2021\/09\/DSC07110-1.jpg 1546w\" sizes=\"auto, (max-width: 300px) 100vw, 300px\" \/><\/span><\/p>\n<\/li>\n<li>\n<p align=\"left\"><span style=\"font-size: medium;\">prowadzenie Klubu Ksi\u0105\u017cki dla m\u0142odych ludzi, kt\u00f3rzy lubi\u0105 czyta\u0107\u00a0 <\/span><span style=\"font-size: medium;\">i dyskutowa\u0107 o ksi\u0105\u017ckach;<\/span><\/p>\n<\/li>\n<li>\n<p align=\"left\"><span style=\"font-size: medium;\">opieka nad kronikami szkolnymi i uczniami je prowadz\u0105cymi;<\/span><\/p>\n<\/li>\n<li>\n<p align=\"left\"><span style=\"font-size: medium;\">organizowanie wieczor\u00f3w poetyckich;<\/span><\/p>\n<\/li>\n<li>\n<p align=\"left\"><span style=\"font-size: medium;\">konkursy literackie, poetyckie, recytatorskie;<\/span><\/p>\n<\/li>\n<li>\n<p align=\"left\"><span style=\"font-size: medium;\">wystawy.<\/span><\/p>\n<\/li>\n<\/ul>\n<p align=\"left\"><span style=\"font-size: medium;\"><u><b>Przydatne linki:<\/b><\/u><\/span><\/p>\n<p align=\"left\"><a href=\"https:\/\/www.parczew.bialabp.edu.pl\/\" name=\"Biblioteka Pedagogiczna w Parczewie\">Biblioteka Pedagogiczna w Parczewie<\/a> <span style=\"color: #0b54a2;\"><span style=\"font-size: medium;\">(<\/span><\/span><a href=\"https:\/\/biblioteki-pedagogiczne.lubelskie.pl\/catalog\/?bID=380\">katalog on line<\/a><span style=\"color: #0b54a2;\"><span style=\"font-size: medium;\">)<\/span><\/span><\/p>\n<p align=\"left\"><a href=\"http:\/\/www.pbp-ck.parczew.pl\/\"><span style=\"font-size: medium;\">Powiatowa Biblioteka Publiczna-Centrum Kultury w Parczewie<\/span><\/a><\/p>\n<p align=\"left\"><a href=\"https:\/\/www.bibliotekaparczew.pl\/index.php\"><span style=\"font-size: medium;\">Miejsko-Gminna Biblioteka Publiczna w Parczewie<\/span><\/a><\/p>\n<p align=\"left\"><span style=\"font-size: medium;\"><u><b>Biblioteki cyfrowe:<\/b><\/u><\/span><\/p>\n<p align=\"left\"><a href=\"https:\/\/wolnelektury.pl\/\"><span style=\"font-size: medium;\">Wolne Lektury <\/span><\/a><span style=\"font-size: medium;\">w zbiorach biblioteki znajduje si\u0119 wiele lektur szkolnych odpowiednio opracowanych \u2013 opatrzonych przypisami, motywami i udost\u0119pnianych w r\u00f3\u017cnych formatach.<img loading=\"lazy\" decoding=\"async\" class=\"size-medium wp-image-4744 alignright\" src=\"http:\/\/liceum-parczew.pl\/wp-content\/uploads\/2022\/02\/tablet-gf60a3f3c8_1920-300x199.jpg\" alt=\"\" width=\"300\" height=\"199\" \/><\/span><\/p>\n<p align=\"left\"><a href=\"https:\/\/www.youtube.com\/channel\/UC8tQ54NHy56gWhlwMmOZwbA\">Wolne Lektury \u2013 audiobooki<\/a><\/p>\n<p align=\"left\"><a href=\"https:\/\/wolnelektury.pl\/katalog\/lektury\/biblioteczka-filozoficzna\/\">Wolne Lektury &#8211; biblioteczka filozoficzna<\/a><\/p>\n<p align=\"left\"><a href=\"https:\/\/lektury.gov.pl\/\">Lektury<\/a><\/p>\n<p align=\"left\"><a href=\"http:\/\/chmuraczytania.kartalia.pl\/\">Chmura Czytania &#8211; kanon kulturalnego cz\u0142owieka<\/a><\/p>\n<p align=\"left\"><a href=\"https:\/\/polona.pl\/\">Polona &#8211; Cyfrowa Biblioteka Narodowa <\/a>udost\u0119pnia zdigitalizowane ksi\u0105\u017cki, czasopisma, grafiki, mapy, muzykalia, druki ulotne oraz r\u0119kopisy pochodz\u0105ce ze zbior\u00f3w Biblioteki Narodowej i instytucji z ni\u0105 wsp\u00f3\u0142pracuj\u0105cych.<\/p>\n<p align=\"left\"><a href=\"https:\/\/www.europeana.eu\/pl\">Europeana &#8211; Biblioteka Europejska <\/a>zapewnia cyfrowy dost\u0119p do materia\u0142\u00f3w z zakresu dziedzictwa kulturowego Europy \u2013 dzie\u0142 sztuki, ksi\u0105\u017cek, muzyki, film\u00f3w i in.<\/p>\n<p align=\"left\"><a href=\"https:\/\/fbc.pionier.net.pl\/\">Federacja Bibliotek Cyfrowych <\/a>jej podstawowym celem jest gromadzenie, przetwarzanie i udost\u0119pnianie informacji online o zbiorach polskich instytucji nauki i kultury.<\/p>\n<p align=\"left\"><a href=\"https:\/\/www.nac.gov.pl\/\">Narodowe Archiwum Cyfrowe <\/a>serwis umo\u017cliwia korzystanie z materia\u0142\u00f3w archiwalnych przechowywanych w archiwach z r\u00f3\u017cnych cz\u0119\u015bci Polski.<\/p>\n<p align=\"left\"><a href=\"https:\/\/lustrobiblioteki.pl\/biblioteki-cyfrowe-polsce\/\">Lista bibliotek cyfrowych w Polsce<\/a><\/p>\n<p align=\"left\"><a href=\"https:\/\/lustrobiblioteki.pl\/biblioteki-cyfrowe-swiecie\/\">Lista bibliotek cyfrowych na \u015bwiecie<\/a><\/p>\n<p align=\"left\"><u><b>Filmy, sztuki teatralne, muzyka, czasopisma online:<\/b><\/u><\/p>\n<p align=\"left\"><a href=\"https:\/\/ninateka.pl\/\">Ninateka<\/a> oferuje m. in. adaptacje lektur szkolnych: filmy, spektakle teatralne, s\u0142uchowiska.<\/p>\n<p align=\"left\"><a href=\"https:\/\/vod.tvp.pl\/sub-category\/teatr-telewizji,30798054?gc=4&amp;page=1\">Spektakle Teatru Telewizji<\/a><\/p>\n<p align=\"left\"><a href=\"https:\/\/vod.teatrwielki.pl\/\">Teatr Wielki Opera Narodowa<\/a><\/p>\n<p align=\"left\"><a href=\"https:\/\/www.legalnakultura.pl\/pl\">Legalna Kultura<\/a> najwi\u0119kszy serwis tworz\u0105cy baz\u0119 legalnych \u017ar\u00f3de\u0142 cyfrowych: film\u00f3w, muzyki, ksi\u0105\u017cek, bibliotek, muze\u00f3w, archiw\u00f3w, fotografii.<\/p>\n<p align=\"left\"><u><a href=\"https:\/\/didaskalia.pl\/pl\">Didaskalia<\/a> <\/u>gazeta teatralna<\/p>\n<p align=\"left\"><a href=\"https:\/\/nowynapis.eu\/\">Nowy napis: epika, liryka, dramat<\/a> kwartalnik kulturalny<\/p>\n<h4 align=\"left\"><\/h4>\n<h4 style=\"text-align: center;\" align=\"left\"><span style=\"color: #ff0000;\"><b>Dlaczego warto czyta\u0107?<\/b><\/span><\/h4>\n<h4 style=\"text-align: center;\" align=\"left\"><\/h4>\n<p style=\"text-align: center;\" align=\"left\">Zalety czytania ksi\u0105\u017cek wg Szwedzkiej Akademii Literatury:<img loading=\"lazy\" decoding=\"async\" class=\"size-medium wp-image-4741 alignright\" src=\"http:\/\/liceum-parczew.pl\/wp-content\/uploads\/2022\/02\/DSC00714-Copy-225x300.png\" alt=\"\" width=\"225\" height=\"300\" \/><\/p>\n<ul>\n<li>\n<p align=\"left\">Ksi\u0105\u017cka pomaga nam rozwija\u0107 j\u0119zyk i s\u0142ownictwo. Uczy nas wyra\u017ca\u0107 my\u015bli i rozumie\u0107 innych.<\/p>\n<\/li>\n<li>\n<p align=\"left\">Ksi\u0105\u017cka rozwija my\u015blenie. Dostarcza nam poj\u0119\u0107 my\u015blowych i nowych idei, rozszerza nasz\u0105 \u015bwiadomo\u015b\u0107 i nasz \u015bwiat.<\/p>\n<\/li>\n<li>\n<p align=\"left\">Ksi\u0105\u017cka pobudza fantazj\u0119, uczy budowa\u0107 obrazy w wyobra\u017ani.<\/p>\n<\/li>\n<li>\n<p align=\"left\">Ksi\u0105\u017cka dostarcza nam wiedzy o \u015bwiecie i o tym wszystkim, o czym chcieliby\u015bmy dowiedzie\u0107 si\u0119 czego\u015b wi\u0119cej.<\/p>\n<\/li>\n<li>\n<p align=\"left\">Ksi\u0105\u017cka rozwija nasze uczucia i zdolno\u015b\u0107 do empatii. Wyrabia w nas umiej\u0119tno\u015b\u0107 wczucia si\u0119 w czyj\u0105\u015b sytuacj\u0119.<\/p>\n<\/li>\n<li>\n<p align=\"left\">Ksi\u0105\u017cka dodaje si\u0142 i zapa\u0142u. Dostarcza nam rozrywki i emocji. Mo\u017ce roz\u015bmieszy\u0107 lub zasmuci\u0107. Mo\u017ce pocieszy\u0107 i wskaza\u0107 nowe mo\u017cliwo\u015bci.<\/p>\n<\/li>\n<li>\n<p align=\"left\">Ksi\u0105\u017cka mo\u017ce stawia\u0107 pytania, kt\u00f3re anga\u017cuj\u0105 i pobudzaj\u0105 do dalszych przemy\u015ble\u0144.<\/p>\n<\/li>\n<li>\n<p align=\"left\">Ksi\u0105\u017cka uczy nas etyki. Sk\u0142ania do namys\u0142u nad tym, co s\u0142uszne, a co nie, co dobre, a co z\u0142e.<\/p>\n<\/li>\n<li>\n<p align=\"left\">Ksi\u0105\u017cka mo\u017ce wyt\u0142umaczy\u0107 rzeczywisto\u015b\u0107 i pom\u00f3c w zrozumieniu zale\u017cno\u015bci.<\/p>\n<\/li>\n<li>\n<p align=\"left\">Ksi\u0105\u017cka mo\u017ce udowodni\u0107, \u017ce cz\u0119sto pytanie ma wi\u0119cej ni\u017c jedn\u0105 odpowied\u017a, \u017ce na problem da si\u0119 spojrze\u0107 z r\u00f3\u017cnych stron. Mo\u017ce podpowiedzie\u0107 inne sposoby rozwi\u0105zywania konflikt\u00f3w ni\u017c przemoc.<\/p>\n<\/li>\n<li>\n<p align=\"left\">Ksi\u0105\u017cka pomaga nam zrozumie\u0107 siebie. Odkrycie, \u017ce s\u0105 inni, kt\u00f3rzy my\u015bl\u0105 jak my, \u017ce mamy prawo do swoich odczu\u0107 i reakcji, umacnia nasze poczucie w\u0142asnej warto\u015bci.<\/p>\n<\/li>\n<li>\n<p align=\"left\">Ksi\u0105\u017cka pomaga nam zrozumie\u0107 innych. Lektura ksi\u0105\u017cek pisarzy z innej epoki, innego \u015bwiata buduje tolerancj\u0119 dla innych kultur i zapobiega uprzedzeniom.<\/p>\n<\/li>\n<li>\n<p align=\"left\">Ksi\u0105\u017cka jest naszym towarzyszem w samotno\u015bci. \u0141atwo wzi\u0105\u0107 j\u0105 ze sob\u0105 i czyta\u0107 gdziekolwiek. Z biblioteki mo\u017cna j\u0105 wypo\u017cyczy\u0107 za darmo i nie trzeba pod\u0142\u0105cza\u0107 jej do pr\u0105du.<\/p>\n<\/li>\n<li>\n<p align=\"left\">Ksi\u0105\u017cka jest cz\u0119\u015bci\u0105 naszego dziedzictwa kulturowego. Dzi\u0119ki niej mamy wsp\u00f3lne do\u015bwiadczenia i punkty odniesienia.<\/p>\n<\/li>\n<\/ul>\n","protected":false},"excerpt":{"rendered":"<p>Nauczyciel bibliotekarz: Bo\u017cena Prokopiuk Zapraszamy do biblioteki: poniedzia\u0142ek, \u015broda, czwartek i pi\u0105tek w godz. 8.00 \u2013 14.00, wtorek w godz.<\/p>\n","protected":false},"author":1,"featured_media":4754,"parent":0,"menu_order":0,"comment_status":"closed","ping_status":"closed","template":"","meta":{"colormag_page_container_layout":"default_layout","colormag_page_sidebar_layout":"default_layout","footnotes":""},"class_list":["post-1076","page","type-page","status-publish","has-post-thumbnail","hentry"],"_links":{"self":[{"href":"http:\/\/liceum-parczew.pl\/index.php\/wp-json\/wp\/v2\/pages\/1076","targetHints":{"allow":["GET"]}}],"collection":[{"href":"http:\/\/liceum-parczew.pl\/index.php\/wp-json\/wp\/v2\/pages"}],"about":[{"href":"http:\/\/liceum-parczew.pl\/index.php\/wp-json\/wp\/v2\/types\/page"}],"author":[{"embeddable":true,"href":"http:\/\/liceum-parczew.pl\/index.php\/wp-json\/wp\/v2\/users\/1"}],"replies":[{"embeddable":true,"href":"http:\/\/liceum-parczew.pl\/index.php\/wp-json\/wp\/v2\/comments?post=1076"}],"version-history":[{"count":10,"href":"http:\/\/liceum-parczew.pl\/index.php\/wp-json\/wp\/v2\/pages\/1076\/revisions"}],"predecessor-version":[{"id":6117,"href":"http:\/\/liceum-parczew.pl\/index.php\/wp-json\/wp\/v2\/pages\/1076\/revisions\/6117"}],"wp:featuredmedia":[{"embeddable":true,"href":"http:\/\/liceum-parczew.pl\/index.php\/wp-json\/wp\/v2\/media\/4754"}],"wp:attachment":[{"href":"http:\/\/liceum-parczew.pl\/index.php\/wp-json\/wp\/v2\/media?parent=1076"}],"curies":[{"name":"wp","href":"https:\/\/api.w.org\/{rel}","templated":true}]}}