{"id":1029,"date":"2018-11-25T21:17:39","date_gmt":"2018-11-25T20:17:39","guid":{"rendered":"http:\/\/liceum-parczew.pl\/?page_id=1029"},"modified":"2024-09-30T11:02:21","modified_gmt":"2024-09-30T09:02:21","slug":"dyrekcja","status":"publish","type":"page","link":"http:\/\/liceum-parczew.pl\/index.php\/dyrekcja\/","title":{"rendered":"Dyrekcja"},"content":{"rendered":"<h5 style=\"text-align: center;\"><strong>Dyrektor I Liceum Og\u00f3lnokszta\u0142c\u0105cego<br \/>\nim. M. Kopernika w Parczewie:<\/strong><\/h5>\n<h5 style=\"text-align: center;\"><strong>mgr Jerzy \u015awi\u0107<br \/>\n<\/strong><\/h5>\n<p>&nbsp;<\/p>\n<h6 style=\"text-align: center;\"><strong>Wicedyrektor Szko\u0142y<br \/>\n<\/strong><\/h6>\n<h6 style=\"text-align: center;\"><strong>mgr Edyta Ku\u017amicz<br \/>\n<\/strong><\/h6>\n","protected":false},"excerpt":{"rendered":"<p>Dyrektor I Liceum Og\u00f3lnokszta\u0142c\u0105cego im. M. Kopernika w Parczewie: mgr Jerzy \u015awi\u0107 &nbsp; Wicedyrektor Szko\u0142y mgr Edyta Ku\u017amicz<\/p>\n","protected":false},"author":1,"featured_media":0,"parent":0,"menu_order":0,"comment_status":"closed","ping_status":"closed","template":"","meta":{"colormag_page_container_layout":"default_layout","colormag_page_sidebar_layout":"default_layout","footnotes":""},"class_list":["post-1029","page","type-page","status-publish","hentry"],"_links":{"self":[{"href":"http:\/\/liceum-parczew.pl\/index.php\/wp-json\/wp\/v2\/pages\/1029","targetHints":{"allow":["GET"]}}],"collection":[{"href":"http:\/\/liceum-parczew.pl\/index.php\/wp-json\/wp\/v2\/pages"}],"about":[{"href":"http:\/\/liceum-parczew.pl\/index.php\/wp-json\/wp\/v2\/types\/page"}],"author":[{"embeddable":true,"href":"http:\/\/liceum-parczew.pl\/index.php\/wp-json\/wp\/v2\/users\/1"}],"replies":[{"embeddable":true,"href":"http:\/\/liceum-parczew.pl\/index.php\/wp-json\/wp\/v2\/comments?post=1029"}],"version-history":[{"count":8,"href":"http:\/\/liceum-parczew.pl\/index.php\/wp-json\/wp\/v2\/pages\/1029\/revisions"}],"predecessor-version":[{"id":1069,"href":"http:\/\/liceum-parczew.pl\/index.php\/wp-json\/wp\/v2\/pages\/1029\/revisions\/1069"}],"wp:attachment":[{"href":"http:\/\/liceum-parczew.pl\/index.php\/wp-json\/wp\/v2\/media?parent=1029"}],"curies":[{"name":"wp","href":"https:\/\/api.w.org\/{rel}","templated":true}]}}